{"id":9945,"date":"2018-12-22T12:00:26","date_gmt":"2018-12-22T11:00:26","guid":{"rendered":"https:\/\/egassbarcelona.com\/producto\/9944\/"},"modified":"2023-07-15T23:28:51","modified_gmt":"2023-07-15T21:28:51","slug":"9944","status":"publish","type":"product","link":"https:\/\/egassbarcelona.com\/ca\/producte\/9944\/","title":{"rendered":"MEGHAN"},"content":{"rendered":"<p>Arracades llargues i amb moviment que et proporcionen una imatge din\u00e0mica i juvenil. Molt afavoridors, lleugeres i vers\u00e0tils. Els pots utilitzar tant en el dia a dia com per a una ocasi\u00f3 m\u00e9s especial<\/p>\n","protected":false},"excerpt":{"rendered":"<p>Arracades llargues amb dos tirabutzons col\u00b7locats a diferents al\u00e7ades. Molt afavoridors. Xapats en plata.Hi ha l&#8217;opci\u00f3 de tancament de clip, per a orella sense perforaci\u00f3, o l&#8217;opci\u00f3 est\u00e0ndard per a orella perforada.<br \/>\nFets a m\u00e0.<br \/>\nMida: 7,5 cm.<\/p>\n","protected":false},"featured_media":23239,"comment_status":"closed","ping_status":"closed","template":"","meta":{"_seopress_robots_primary_cat":"149","_seopress_titles_title":"","_seopress_titles_desc":"","_seopress_robots_index":""},"product_brand":[],"product_cat":[149],"product_tag":[967,201,919,920,921],"class_list":{"0":"post-9945","1":"product","2":"type-product","3":"status-publish","4":"has-post-thumbnail","6":"product_cat-arracades","7":"product_tag-arracadas-de-clip","8":"product_tag-arracades","9":"product_tag-metal-banado-en-oro-ca","10":"product_tag-metal-banado-en-plata-ca","11":"product_tag-pendientes-favorecedores-ca","12":"pa_bano-oro-ca","13":"pa_bano-plata-ca-2","14":"pa_cierre-clip-ca","15":"pa_cierre-estandard","17":"first","18":"instock","19":"taxable","20":"shipping-taxable","21":"purchasable","22":"product-type-variable","23":"has-default-attributes"},"_links":{"self":[{"href":"https:\/\/egassbarcelona.com\/ca\/wp-json\/wp\/v2\/product\/9945","targetHints":{"allow":["GET"]}}],"collection":[{"href":"https:\/\/egassbarcelona.com\/ca\/wp-json\/wp\/v2\/product"}],"about":[{"href":"https:\/\/egassbarcelona.com\/ca\/wp-json\/wp\/v2\/types\/product"}],"replies":[{"embeddable":true,"href":"https:\/\/egassbarcelona.com\/ca\/wp-json\/wp\/v2\/comments?post=9945"}],"wp:featuredmedia":[{"embeddable":true,"href":"https:\/\/egassbarcelona.com\/ca\/wp-json\/wp\/v2\/media\/23239"}],"wp:attachment":[{"href":"https:\/\/egassbarcelona.com\/ca\/wp-json\/wp\/v2\/media?parent=9945"}],"wp:term":[{"taxonomy":"product_brand","embeddable":true,"href":"https:\/\/egassbarcelona.com\/ca\/wp-json\/wp\/v2\/product_brand?post=9945"},{"taxonomy":"product_cat","embeddable":true,"href":"https:\/\/egassbarcelona.com\/ca\/wp-json\/wp\/v2\/product_cat?post=9945"},{"taxonomy":"product_tag","embeddable":true,"href":"https:\/\/egassbarcelona.com\/ca\/wp-json\/wp\/v2\/product_tag?post=9945"}],"curies":[{"name":"wp","href":"https:\/\/api.w.org\/{rel}","templated":true}]}}