{"id":9938,"date":"2018-12-22T11:51:38","date_gmt":"2018-12-22T10:51:38","guid":{"rendered":"https:\/\/egassbarcelona.com\/producto\/koruko\/"},"modified":"2023-07-15T22:52:41","modified_gmt":"2023-07-15T20:52:41","slug":"koruko","status":"publish","type":"product","link":"https:\/\/egassbarcelona.com\/ca\/producte\/koruko\/","title":{"rendered":"KORUKO"},"content":{"rendered":"<p>Arracades amb moviment que proporcionen una imatge din\u00e0mica i juvenil. Tant el plata com l&#8217;or, et proporciona llum a la cara. Els curts es poden fer servir en qualsevol moment, tant per anar a l&#8217;oficina com per a un sopar amb amics. Els llargs tamb\u00e9, per\u00f2 us donaran un toc m\u00e9s extremat i sofisticat. Molt afavoridors tant els uns com els altres.<\/p>\n","protected":false},"excerpt":{"rendered":"<p>Arracades llargues en forma de fulla irregular penjada d\u2019un rombo. Ambdues xapades en plata. Tenim dues fulles de diferent tamany per fer unes arracades mes o menys llargues.<br \/>\nHi ha l&#8217;opci\u00f3 de tancament de clip, per a orella sense perforaci\u00f3, o l&#8217;opci\u00f3 est\u00e0ndard per a orella perforada.<br \/>\nfetes a m\u00e0<br \/>\nLongitud: TM 5 cm, TL 8 cm.<\/p>\n","protected":false},"featured_media":23223,"comment_status":"closed","ping_status":"closed","template":"","meta":{"_seopress_robots_primary_cat":"149","_seopress_titles_title":"","_seopress_titles_desc":"","_seopress_robots_index":""},"product_brand":[],"product_cat":[149],"product_tag":[967],"class_list":{"0":"post-9938","1":"product","2":"type-product","3":"status-publish","4":"has-post-thumbnail","6":"product_cat-arracades","7":"product_tag-arracadas-de-clip","8":"pa_bano-oro-ca","9":"pa_bano-plata-ca-2","10":"pa_cierre-clip-ca","11":"pa_cierre-estandard","12":"pa_talla-l-ca","13":"pa_talla-m-ca","15":"first","16":"instock","17":"taxable","18":"shipping-taxable","19":"purchasable","20":"product-type-variable","21":"has-default-attributes"},"_links":{"self":[{"href":"https:\/\/egassbarcelona.com\/ca\/wp-json\/wp\/v2\/product\/9938","targetHints":{"allow":["GET"]}}],"collection":[{"href":"https:\/\/egassbarcelona.com\/ca\/wp-json\/wp\/v2\/product"}],"about":[{"href":"https:\/\/egassbarcelona.com\/ca\/wp-json\/wp\/v2\/types\/product"}],"replies":[{"embeddable":true,"href":"https:\/\/egassbarcelona.com\/ca\/wp-json\/wp\/v2\/comments?post=9938"}],"wp:featuredmedia":[{"embeddable":true,"href":"https:\/\/egassbarcelona.com\/ca\/wp-json\/wp\/v2\/media\/23223"}],"wp:attachment":[{"href":"https:\/\/egassbarcelona.com\/ca\/wp-json\/wp\/v2\/media?parent=9938"}],"wp:term":[{"taxonomy":"product_brand","embeddable":true,"href":"https:\/\/egassbarcelona.com\/ca\/wp-json\/wp\/v2\/product_brand?post=9938"},{"taxonomy":"product_cat","embeddable":true,"href":"https:\/\/egassbarcelona.com\/ca\/wp-json\/wp\/v2\/product_cat?post=9938"},{"taxonomy":"product_tag","embeddable":true,"href":"https:\/\/egassbarcelona.com\/ca\/wp-json\/wp\/v2\/product_tag?post=9938"}],"curies":[{"name":"wp","href":"https:\/\/api.w.org\/{rel}","templated":true}]}}