{"id":9856,"date":"2018-12-20T14:37:22","date_gmt":"2018-12-20T13:37:22","guid":{"rendered":"https:\/\/egassbarcelona.com\/producto\/fleco\/"},"modified":"2023-07-16T19:45:48","modified_gmt":"2023-07-16T17:45:48","slug":"fleco","status":"publish","type":"product","link":"https:\/\/egassbarcelona.com\/ca\/producte\/fleco\/","title":{"rendered":"VALENTINA"},"content":{"rendered":"","protected":false},"excerpt":{"rendered":"<p>Arracades llargues amb serrell de fil de seda insertat en un caputx\u00f3 de zamak banyat en plata. Pe\u00e7a per subjectar-lo del mateix material Disponible en diferents colors.<br \/>\nHi ha l&#8217;opci\u00f3 de tancament de clip, per a orella sense perforaci\u00f3, o l&#8217;opci\u00f3 est\u00e0ndard per a orella perforada.<br \/>\nFet a m\u00e0.<br \/>\nLongitud total: 9 cm.<\/p>\n","protected":false},"featured_media":23160,"comment_status":"closed","ping_status":"closed","template":"","meta":{"_seopress_robots_primary_cat":"149","_seopress_titles_title":"","_seopress_titles_desc":"","_seopress_robots_index":""},"product_brand":[],"product_cat":[149],"product_tag":[967],"class_list":{"0":"post-9856","1":"product","2":"type-product","3":"status-publish","4":"has-post-thumbnail","6":"product_cat-arracades","7":"product_tag-arracadas-de-clip","8":"pa_cierre-clip-ca","9":"pa_cierre-estandard","10":"pa_color-blau-fosc-ca","11":"pa_color-negre-ca-2","12":"pa_color-verd-fosc-ca","13":"pa_color-vermell-ca","15":"first","16":"instock","17":"taxable","18":"shipping-taxable","19":"purchasable","20":"product-type-variable","21":"has-default-attributes"},"_links":{"self":[{"href":"https:\/\/egassbarcelona.com\/ca\/wp-json\/wp\/v2\/product\/9856","targetHints":{"allow":["GET"]}}],"collection":[{"href":"https:\/\/egassbarcelona.com\/ca\/wp-json\/wp\/v2\/product"}],"about":[{"href":"https:\/\/egassbarcelona.com\/ca\/wp-json\/wp\/v2\/types\/product"}],"replies":[{"embeddable":true,"href":"https:\/\/egassbarcelona.com\/ca\/wp-json\/wp\/v2\/comments?post=9856"}],"wp:featuredmedia":[{"embeddable":true,"href":"https:\/\/egassbarcelona.com\/ca\/wp-json\/wp\/v2\/media\/23160"}],"wp:attachment":[{"href":"https:\/\/egassbarcelona.com\/ca\/wp-json\/wp\/v2\/media?parent=9856"}],"wp:term":[{"taxonomy":"product_brand","embeddable":true,"href":"https:\/\/egassbarcelona.com\/ca\/wp-json\/wp\/v2\/product_brand?post=9856"},{"taxonomy":"product_cat","embeddable":true,"href":"https:\/\/egassbarcelona.com\/ca\/wp-json\/wp\/v2\/product_cat?post=9856"},{"taxonomy":"product_tag","embeddable":true,"href":"https:\/\/egassbarcelona.com\/ca\/wp-json\/wp\/v2\/product_tag?post=9856"}],"curies":[{"name":"wp","href":"https:\/\/api.w.org\/{rel}","templated":true}]}}