{"id":9840,"date":"2018-12-20T14:08:32","date_gmt":"2018-12-20T13:08:32","guid":{"rendered":"https:\/\/egassbarcelona.com\/producto\/9833\/"},"modified":"2021-12-07T17:25:00","modified_gmt":"2021-12-07T16:25:00","slug":"9833","status":"publish","type":"product","link":"https:\/\/egassbarcelona.com\/ca\/producte\/9833\/","title":{"rendered":"ICE"},"content":{"rendered":"<p>Allargada del collaret:<br \/>\nS: 50-51 cm |\u00a0M:52-53 cm \u00a0|\u00a0L: 54-55 cm<\/p>\n","protected":false},"excerpt":{"rendered":"<p>Collaret llarg realitzat amb dos anelles, de zamak banyat en plata, un dins l\u2019altre i una pe\u00e7a transparent de resina al centre. L\u2019anella interior \u00e9s irregular i est\u00e0 folrrada amb fil de cot\u00f3. Combinaci\u00f3 de fils d\u2019antelina i de cot\u00f3. Tanca i cadena per ajustar la mida de zamak banyat en plata.<\/p>\n<p>Disponible en verd i blau.<\/p>\n<p>Allargada del collaret:<br \/>\nS: 50-51 cm |\u00a0M:52-53 cm \u00a0|\u00a0L: 54-55 cm<\/p>\n<p>Edici\u00f3 limitada.<\/p>\n","protected":false},"featured_media":23142,"comment_status":"closed","ping_status":"closed","template":"","meta":{"_seopress_robots_primary_cat":"844","_seopress_titles_title":"","_seopress_titles_desc":"","_seopress_robots_index":""},"product_brand":[],"product_cat":[851,844],"product_tag":[],"class_list":{"0":"post-9840","1":"product","2":"type-product","3":"status-publish","4":"has-post-thumbnail","6":"product_cat-altres-colleccions","7":"product_cat-altres-colleccions-collarets","8":"pa_color-blau-ca","9":"pa_color-verde-ca","10":"pa_talla-l-ca","11":"pa_talla-m-ca","12":"pa_talla-s-ca","14":"first","15":"instock","16":"taxable","17":"shipping-taxable","18":"purchasable","19":"product-type-variable","20":"has-default-attributes"},"_links":{"self":[{"href":"https:\/\/egassbarcelona.com\/ca\/wp-json\/wp\/v2\/product\/9840","targetHints":{"allow":["GET"]}}],"collection":[{"href":"https:\/\/egassbarcelona.com\/ca\/wp-json\/wp\/v2\/product"}],"about":[{"href":"https:\/\/egassbarcelona.com\/ca\/wp-json\/wp\/v2\/types\/product"}],"replies":[{"embeddable":true,"href":"https:\/\/egassbarcelona.com\/ca\/wp-json\/wp\/v2\/comments?post=9840"}],"wp:featuredmedia":[{"embeddable":true,"href":"https:\/\/egassbarcelona.com\/ca\/wp-json\/wp\/v2\/media\/23142"}],"wp:attachment":[{"href":"https:\/\/egassbarcelona.com\/ca\/wp-json\/wp\/v2\/media?parent=9840"}],"wp:term":[{"taxonomy":"product_brand","embeddable":true,"href":"https:\/\/egassbarcelona.com\/ca\/wp-json\/wp\/v2\/product_brand?post=9840"},{"taxonomy":"product_cat","embeddable":true,"href":"https:\/\/egassbarcelona.com\/ca\/wp-json\/wp\/v2\/product_cat?post=9840"},{"taxonomy":"product_tag","embeddable":true,"href":"https:\/\/egassbarcelona.com\/ca\/wp-json\/wp\/v2\/product_tag?post=9840"}],"curies":[{"name":"wp","href":"https:\/\/api.w.org\/{rel}","templated":true}]}}