{"id":9817,"date":"2018-12-20T12:46:37","date_gmt":"2018-12-20T11:46:37","guid":{"rendered":"https:\/\/egassbarcelona.com\/producto\/mume\/"},"modified":"2021-12-07T17:28:37","modified_gmt":"2021-12-07T16:28:37","slug":"mume","status":"publish","type":"product","link":"https:\/\/egassbarcelona.com\/ca\/producte\/mume\/","title":{"rendered":"MUME"},"content":{"rendered":"<p>Allargada del collaret:<br \/>\nS: 50-51 cm |\u00a0M:52-53 cm \u00a0|\u00a0L: 54-55 cm<\/p>\n","protected":false},"excerpt":{"rendered":"<p>Collaret fet amb una medalla envoltada amb una anella gruixuda irregular, de zamak banyat en plata, forrada en una part amb fil de cot\u00f3. Cot\u00f3 gruixut negre i gris (bicolor) o solsament negre. Tanca i cadena per ajustar la mida. Fet a m\u00e0.<\/p>\n<p>Allargada del collaret:<br \/>\nS: 50-51 cm |\u00a0M:52-53 cm \u00a0|\u00a0L: 54-55 cm<\/p>\n","protected":false},"featured_media":23130,"comment_status":"closed","ping_status":"closed","template":"","meta":{"_seopress_robots_primary_cat":"844","_seopress_titles_title":"","_seopress_titles_desc":"","_seopress_robots_index":""},"product_brand":[],"product_cat":[851,844],"product_tag":[],"class_list":{"0":"post-9817","1":"product","2":"type-product","3":"status-publish","4":"has-post-thumbnail","6":"product_cat-altres-colleccions","7":"product_cat-altres-colleccions-collarets","8":"pa_color-bicolor-ca-2","9":"pa_color-negre-ca-2","10":"pa_talla-l-ca","11":"pa_talla-m-ca","12":"pa_talla-s-ca","14":"first","15":"instock","16":"taxable","17":"shipping-taxable","18":"purchasable","19":"product-type-variable","20":"has-default-attributes"},"_links":{"self":[{"href":"https:\/\/egassbarcelona.com\/ca\/wp-json\/wp\/v2\/product\/9817","targetHints":{"allow":["GET"]}}],"collection":[{"href":"https:\/\/egassbarcelona.com\/ca\/wp-json\/wp\/v2\/product"}],"about":[{"href":"https:\/\/egassbarcelona.com\/ca\/wp-json\/wp\/v2\/types\/product"}],"replies":[{"embeddable":true,"href":"https:\/\/egassbarcelona.com\/ca\/wp-json\/wp\/v2\/comments?post=9817"}],"wp:featuredmedia":[{"embeddable":true,"href":"https:\/\/egassbarcelona.com\/ca\/wp-json\/wp\/v2\/media\/23130"}],"wp:attachment":[{"href":"https:\/\/egassbarcelona.com\/ca\/wp-json\/wp\/v2\/media?parent=9817"}],"wp:term":[{"taxonomy":"product_brand","embeddable":true,"href":"https:\/\/egassbarcelona.com\/ca\/wp-json\/wp\/v2\/product_brand?post=9817"},{"taxonomy":"product_cat","embeddable":true,"href":"https:\/\/egassbarcelona.com\/ca\/wp-json\/wp\/v2\/product_cat?post=9817"},{"taxonomy":"product_tag","embeddable":true,"href":"https:\/\/egassbarcelona.com\/ca\/wp-json\/wp\/v2\/product_tag?post=9817"}],"curies":[{"name":"wp","href":"https:\/\/api.w.org\/{rel}","templated":true}]}}