{"id":9765,"date":"2018-12-20T00:27:00","date_gmt":"2018-12-19T23:27:00","guid":{"rendered":"https:\/\/egassbarcelona.com\/producto\/9755\/"},"modified":"2021-12-07T17:58:32","modified_gmt":"2021-12-07T16:58:32","slug":"9755","status":"publish","type":"product","link":"https:\/\/egassbarcelona.com\/ca\/producte\/9755\/","title":{"rendered":"TACH"},"content":{"rendered":"<p>Allargada del collaret:<br \/>\nXS: 48-49 cm | \u00a0S: 50-51 cm |\u00a0M:52-53 cm \u00a0|\u00a0L: 54-55 cm\u00a0| XL: 56-57 cm<\/p>\n","protected":false},"excerpt":{"rendered":"<p>&nbsp;<\/p>\n<p>Collaret llarg acabat en una pe\u00e7a llarga irregular de zamak amb bany de plata. Cord\u00f3 d\u2019antelina i cot\u00f3 amb cadena fina entrella\u00e7ada xapada en plata. Tanca i cadena per ajustar la mida del mateix material. Fet a m\u00e0.<\/p>\n<p>Disponible en diversos colors.<\/p>\n<p>Allargada del collaret:<br \/>\nXS: 48-49 cm | \u00a0S: 50-51 cm |\u00a0M:52-53 cm \u00a0|\u00a0L: 54-55 cm\u00a0| XL: 56-57 cm<\/p>\n","protected":false},"featured_media":23091,"comment_status":"closed","ping_status":"closed","template":"","meta":{"_seopress_robots_primary_cat":"0","_seopress_titles_title":"","_seopress_titles_desc":"","_seopress_robots_index":""},"product_brand":[],"product_cat":[81],"product_tag":[],"class_list":{"0":"post-9765","1":"product","2":"type-product","3":"status-publish","4":"has-post-thumbnail","6":"product_cat-collarets","7":"pa_color-granat","8":"pa_color-gris-ca-2","9":"pa_color-marro-xocolata-ca-ca","10":"pa_talla-l-ca","11":"pa_talla-m-ca","12":"pa_talla-s-ca","14":"first","15":"instock","16":"taxable","17":"shipping-taxable","18":"purchasable","19":"product-type-variable","20":"has-default-attributes"},"_links":{"self":[{"href":"https:\/\/egassbarcelona.com\/ca\/wp-json\/wp\/v2\/product\/9765","targetHints":{"allow":["GET"]}}],"collection":[{"href":"https:\/\/egassbarcelona.com\/ca\/wp-json\/wp\/v2\/product"}],"about":[{"href":"https:\/\/egassbarcelona.com\/ca\/wp-json\/wp\/v2\/types\/product"}],"replies":[{"embeddable":true,"href":"https:\/\/egassbarcelona.com\/ca\/wp-json\/wp\/v2\/comments?post=9765"}],"wp:featuredmedia":[{"embeddable":true,"href":"https:\/\/egassbarcelona.com\/ca\/wp-json\/wp\/v2\/media\/23091"}],"wp:attachment":[{"href":"https:\/\/egassbarcelona.com\/ca\/wp-json\/wp\/v2\/media?parent=9765"}],"wp:term":[{"taxonomy":"product_brand","embeddable":true,"href":"https:\/\/egassbarcelona.com\/ca\/wp-json\/wp\/v2\/product_brand?post=9765"},{"taxonomy":"product_cat","embeddable":true,"href":"https:\/\/egassbarcelona.com\/ca\/wp-json\/wp\/v2\/product_cat?post=9765"},{"taxonomy":"product_tag","embeddable":true,"href":"https:\/\/egassbarcelona.com\/ca\/wp-json\/wp\/v2\/product_tag?post=9765"}],"curies":[{"name":"wp","href":"https:\/\/api.w.org\/{rel}","templated":true}]}}