{"id":9717,"date":"2018-12-19T23:13:56","date_gmt":"2018-12-19T22:13:56","guid":{"rendered":"https:\/\/egassbarcelona.com\/producto\/yvette\/"},"modified":"2021-12-07T18:03:34","modified_gmt":"2021-12-07T17:03:34","slug":"yvette","status":"publish","type":"product","link":"https:\/\/egassbarcelona.com\/ca\/producte\/yvette\/","title":{"rendered":"YVETTE"},"content":{"rendered":"<p>Talles collaret:<br \/>\nS: 37 cm |\u00a0M: 42 cm |\u00a0L: 47 cm| XL: 52<\/p>\n","protected":false},"excerpt":{"rendered":"<p>Collaret curt d\u2019ante tubular amb pe\u00e7a cil\u00edndrica en el centre de zamak banyada en plata. Tanca i cadena per ajustar la mida del mateix material. Fet a m\u00e0.<\/p>\n<p>Disponible en diferents colors.<\/p>\n<p>Talles collaret:<br \/>\nS: 37 cm |\u00a0M: 42 cm |\u00a0L: 47 cm| XL: 52<\/p>\n","protected":false},"featured_media":23055,"comment_status":"closed","ping_status":"closed","template":"","meta":{"_seopress_robots_primary_cat":"0","_seopress_titles_title":"","_seopress_titles_desc":"","_seopress_robots_index":""},"product_brand":[],"product_cat":[81],"product_tag":[684,196,282],"class_list":{"0":"post-9717","1":"product","2":"type-product","3":"status-publish","4":"has-post-thumbnail","6":"product_cat-collarets","7":"product_tag-ante-grueso-ca","8":"product_tag-fet-a-ma","9":"product_tag-zamak-amb-bany-de-plata","10":"pa_color-beix-ca","11":"pa_color-blau-electric-ca","12":"pa_color-marro-ca","13":"pa_color-negre-ca-2","14":"pa_talla-l-ca","15":"pa_talla-m-ca","16":"pa_talla-s-ca","18":"first","19":"instock","20":"taxable","21":"shipping-taxable","22":"purchasable","23":"product-type-variable","24":"has-default-attributes"},"_links":{"self":[{"href":"https:\/\/egassbarcelona.com\/ca\/wp-json\/wp\/v2\/product\/9717","targetHints":{"allow":["GET"]}}],"collection":[{"href":"https:\/\/egassbarcelona.com\/ca\/wp-json\/wp\/v2\/product"}],"about":[{"href":"https:\/\/egassbarcelona.com\/ca\/wp-json\/wp\/v2\/types\/product"}],"replies":[{"embeddable":true,"href":"https:\/\/egassbarcelona.com\/ca\/wp-json\/wp\/v2\/comments?post=9717"}],"wp:featuredmedia":[{"embeddable":true,"href":"https:\/\/egassbarcelona.com\/ca\/wp-json\/wp\/v2\/media\/23055"}],"wp:attachment":[{"href":"https:\/\/egassbarcelona.com\/ca\/wp-json\/wp\/v2\/media?parent=9717"}],"wp:term":[{"taxonomy":"product_brand","embeddable":true,"href":"https:\/\/egassbarcelona.com\/ca\/wp-json\/wp\/v2\/product_brand?post=9717"},{"taxonomy":"product_cat","embeddable":true,"href":"https:\/\/egassbarcelona.com\/ca\/wp-json\/wp\/v2\/product_cat?post=9717"},{"taxonomy":"product_tag","embeddable":true,"href":"https:\/\/egassbarcelona.com\/ca\/wp-json\/wp\/v2\/product_tag?post=9717"}],"curies":[{"name":"wp","href":"https:\/\/api.w.org\/{rel}","templated":true}]}}