{"id":9609,"date":"2018-12-08T02:26:02","date_gmt":"2018-12-08T01:26:02","guid":{"rendered":"https:\/\/egassbarcelona.com\/producto\/aire\/"},"modified":"2021-12-07T18:20:12","modified_gmt":"2021-12-07T17:20:12","slug":"aire","status":"publish","type":"product","link":"https:\/\/egassbarcelona.com\/ca\/producte\/aire\/","title":{"rendered":"AIRE"},"content":{"rendered":"<p>El collar Aire, es un collar de talla \u00fanica entre S\/M. Ir con cuidado al ponerselo de no enredarse el pelo.<\/p>\n","protected":false},"excerpt":{"rendered":"<p>Original collar gargantilla semi-r\u00edgido de zamak ba\u00f1ado en plata, abierto por el centro con peque\u00f1os muelles a los lados para facilitar el uso y terminado en bolas de cristal tallado facetadas en blanco o negro, seg\u00fan modelo, colgando de los extremos.<\/p>\n<p>Talla \u00fanica . Colores blanco o negro<\/p>\n","protected":false},"featured_media":22983,"comment_status":"closed","ping_status":"closed","template":"","meta":{"_seopress_robots_primary_cat":"0","_seopress_titles_title":"","_seopress_titles_desc":"","_seopress_robots_index":""},"product_brand":[],"product_cat":[81],"product_tag":[240],"class_list":{"0":"post-9609","1":"product","2":"type-product","3":"status-publish","4":"has-post-thumbnail","6":"product_cat-collarets","7":"product_tag-cristall-tallat","8":"pa_color-blanc-ca","9":"pa_color-negre-ca-2","11":"first","12":"instock","13":"taxable","14":"shipping-taxable","15":"purchasable","16":"product-type-variable","17":"has-default-attributes"},"_links":{"self":[{"href":"https:\/\/egassbarcelona.com\/ca\/wp-json\/wp\/v2\/product\/9609","targetHints":{"allow":["GET"]}}],"collection":[{"href":"https:\/\/egassbarcelona.com\/ca\/wp-json\/wp\/v2\/product"}],"about":[{"href":"https:\/\/egassbarcelona.com\/ca\/wp-json\/wp\/v2\/types\/product"}],"replies":[{"embeddable":true,"href":"https:\/\/egassbarcelona.com\/ca\/wp-json\/wp\/v2\/comments?post=9609"}],"wp:featuredmedia":[{"embeddable":true,"href":"https:\/\/egassbarcelona.com\/ca\/wp-json\/wp\/v2\/media\/22983"}],"wp:attachment":[{"href":"https:\/\/egassbarcelona.com\/ca\/wp-json\/wp\/v2\/media?parent=9609"}],"wp:term":[{"taxonomy":"product_brand","embeddable":true,"href":"https:\/\/egassbarcelona.com\/ca\/wp-json\/wp\/v2\/product_brand?post=9609"},{"taxonomy":"product_cat","embeddable":true,"href":"https:\/\/egassbarcelona.com\/ca\/wp-json\/wp\/v2\/product_cat?post=9609"},{"taxonomy":"product_tag","embeddable":true,"href":"https:\/\/egassbarcelona.com\/ca\/wp-json\/wp\/v2\/product_tag?post=9609"}],"curies":[{"name":"wp","href":"https:\/\/api.w.org\/{rel}","templated":true}]}}