{"id":9067,"date":"2017-12-02T10:23:23","date_gmt":"2017-12-02T09:23:23","guid":{"rendered":"https:\/\/new.egassbarcelona.com\/producto\/violeta\/"},"modified":"2023-07-16T20:17:35","modified_gmt":"2023-07-16T18:17:35","slug":"violeta","status":"publish","type":"product","link":"https:\/\/egassbarcelona.com\/ca\/producte\/violeta\/","title":{"rendered":"VIOLETA"},"content":{"rendered":"","protected":false},"excerpt":{"rendered":"<p>Arracades llargues realitzades amb un fi tub quadrat de zamak banyat en plata i acabat en una \u00e0gata o perla segons el model.<br \/>\nHi ha l&#8217;opci\u00f3 tancament de clip, per a orella sense perforaci\u00f3, o l&#8217;opci\u00f3 est\u00e0ndard per a orella perforada.<br \/>\nFet a m\u00e0.<br \/>\nMida aproximada 6 cm.<\/p>\n","protected":false},"featured_media":22865,"comment_status":"closed","ping_status":"closed","template":"","meta":{"_seopress_robots_primary_cat":"0","_seopress_titles_title":"","_seopress_titles_desc":"","_seopress_robots_index":""},"product_brand":[],"product_cat":[149,524],"product_tag":[634,967,201,648,521],"class_list":{"0":"post-9067","1":"product","2":"type-product","3":"status-publish","4":"has-post-thumbnail","6":"product_cat-arracades","7":"product_cat-jove","8":"product_tag-agata-ca","9":"product_tag-arracadas-de-clip","10":"product_tag-arracades","11":"product_tag-perla-de-rio-ca","12":"product_tag-zamak-banado-en-plata-ca","13":"pa_cierre-clip-ca","14":"pa_cierre-estandard","16":"first","17":"instock","18":"taxable","19":"shipping-taxable","20":"purchasable","21":"product-type-variable"},"_links":{"self":[{"href":"https:\/\/egassbarcelona.com\/ca\/wp-json\/wp\/v2\/product\/9067","targetHints":{"allow":["GET"]}}],"collection":[{"href":"https:\/\/egassbarcelona.com\/ca\/wp-json\/wp\/v2\/product"}],"about":[{"href":"https:\/\/egassbarcelona.com\/ca\/wp-json\/wp\/v2\/types\/product"}],"replies":[{"embeddable":true,"href":"https:\/\/egassbarcelona.com\/ca\/wp-json\/wp\/v2\/comments?post=9067"}],"wp:featuredmedia":[{"embeddable":true,"href":"https:\/\/egassbarcelona.com\/ca\/wp-json\/wp\/v2\/media\/22865"}],"wp:attachment":[{"href":"https:\/\/egassbarcelona.com\/ca\/wp-json\/wp\/v2\/media?parent=9067"}],"wp:term":[{"taxonomy":"product_brand","embeddable":true,"href":"https:\/\/egassbarcelona.com\/ca\/wp-json\/wp\/v2\/product_brand?post=9067"},{"taxonomy":"product_cat","embeddable":true,"href":"https:\/\/egassbarcelona.com\/ca\/wp-json\/wp\/v2\/product_cat?post=9067"},{"taxonomy":"product_tag","embeddable":true,"href":"https:\/\/egassbarcelona.com\/ca\/wp-json\/wp\/v2\/product_tag?post=9067"}],"curies":[{"name":"wp","href":"https:\/\/api.w.org\/{rel}","templated":true}]}}