{"id":9030,"date":"2017-12-02T10:44:39","date_gmt":"2017-12-02T09:44:39","guid":{"rendered":"https:\/\/new.egassbarcelona.com\/producto\/monica\/"},"modified":"2023-07-16T19:15:31","modified_gmt":"2023-07-16T17:15:31","slug":"monica","status":"publish","type":"product","link":"https:\/\/egassbarcelona.com\/ca\/producte\/monica\/","title":{"rendered":"M\u00d3NICA"},"content":{"rendered":"<p>Arracades llargues realitzades amb un cilindre de zamak banyat en plata i acabades en una \u00e0gata en forma de ll\u00e0grima.<\/p>\n<p>Mesura aproximada 7 cm.<\/p>\n","protected":false},"excerpt":{"rendered":"<p>Arracades llargues realitzades amb un cilindre de zamak banyat en plata i acabades en una \u00e0gata en forma de llagrima.Hi ha l&#8217;opci\u00f3 de tancament de clip, per a orella sense perforaci\u00f3, o l&#8217;opci\u00f3 est\u00e0ndard per a orella perforada.<br \/>\nFetes a m\u00e0.<br \/>\nMesura aproximada 7 cm.<\/p>\n<p style=\"text-align: left;\">\n","protected":false},"featured_media":22880,"comment_status":"closed","ping_status":"closed","template":"","meta":{"_seopress_robots_primary_cat":"0","_seopress_titles_title":"","_seopress_titles_desc":"","_seopress_robots_index":""},"product_brand":[],"product_cat":[149],"product_tag":[634,377,967,201,171],"class_list":{"0":"post-9030","1":"product","2":"type-product","3":"status-publish","4":"has-post-thumbnail","6":"product_cat-arracades","7":"product_tag-agata-ca","8":"product_tag-amatista-ca","9":"product_tag-arracadas-de-clip","10":"product_tag-arracades","11":"product_tag-zamak-ca","12":"pa_cierre-clip-ca","13":"pa_cierre-estandard","14":"pa_color-rosa-ca-2","15":"pa_color-verd-turquesa-ca","16":"pa_color-violeta-ca-2","18":"first","19":"instock","20":"taxable","21":"shipping-taxable","22":"purchasable","23":"product-type-variable","24":"has-default-attributes"},"_links":{"self":[{"href":"https:\/\/egassbarcelona.com\/ca\/wp-json\/wp\/v2\/product\/9030","targetHints":{"allow":["GET"]}}],"collection":[{"href":"https:\/\/egassbarcelona.com\/ca\/wp-json\/wp\/v2\/product"}],"about":[{"href":"https:\/\/egassbarcelona.com\/ca\/wp-json\/wp\/v2\/types\/product"}],"replies":[{"embeddable":true,"href":"https:\/\/egassbarcelona.com\/ca\/wp-json\/wp\/v2\/comments?post=9030"}],"wp:featuredmedia":[{"embeddable":true,"href":"https:\/\/egassbarcelona.com\/ca\/wp-json\/wp\/v2\/media\/22880"}],"wp:attachment":[{"href":"https:\/\/egassbarcelona.com\/ca\/wp-json\/wp\/v2\/media?parent=9030"}],"wp:term":[{"taxonomy":"product_brand","embeddable":true,"href":"https:\/\/egassbarcelona.com\/ca\/wp-json\/wp\/v2\/product_brand?post=9030"},{"taxonomy":"product_cat","embeddable":true,"href":"https:\/\/egassbarcelona.com\/ca\/wp-json\/wp\/v2\/product_cat?post=9030"},{"taxonomy":"product_tag","embeddable":true,"href":"https:\/\/egassbarcelona.com\/ca\/wp-json\/wp\/v2\/product_tag?post=9030"}],"curies":[{"name":"wp","href":"https:\/\/api.w.org\/{rel}","templated":true}]}}