{"id":8185,"date":"2017-07-28T16:16:46","date_gmt":"2017-07-28T14:16:46","guid":{"rendered":"https:\/\/egassbarcelona.com\/producto\/viv-2\/"},"modified":"2021-12-08T09:29:23","modified_gmt":"2021-12-08T08:29:23","slug":"viv-2","status":"publish","type":"product","link":"https:\/\/egassbarcelona.com\/ca\/producte\/viv-2\/","title":{"rendered":"VIV"},"content":{"rendered":"<p>Collaret curt fet amb boles de vidre, peces de cer\u00e0mica, resines i zamak banyat en plata. Molt afavoridor. Tanca i cadena per ajustar la mida tamb\u00e9 de zamak banyat. Fet a m\u00e0.<\/p>\n<p>Disponible en rosa i verd.<\/p>\n<p><a href=\"https:\/\/egassbarcelona.com\/ca\/talles\/\" target=\"_blank\" rel=\"noopener noreferrer\">Taula de talles<\/a><\/p>\n","protected":false},"excerpt":{"rendered":"<p>Collaret curt fet amb boles de vidre, peces de cer\u00e0mica, resines i zamak banyat en plata. Molt afavoridor. Tanca i cadena per ajustar la mida tamb\u00e9 de zamak banyat. Fet a m\u00e0.<\/p>\n<p>Disponible en rosa i verd.<\/p>\n<p><a href=\"https:\/\/egassbarcelona.com\/ca\/talles\/\" target=\"_blank\" rel=\"noopener noreferrer\">Taula de talles<\/a><\/p>\n","protected":false},"featured_media":22730,"comment_status":"closed","ping_status":"closed","template":"","meta":{"_seopress_robots_primary_cat":"0","_seopress_titles_title":"","_seopress_titles_desc":"","_seopress_robots_index":""},"product_brand":[],"product_cat":[81,524],"product_tag":[635,297,171],"class_list":{"0":"post-8185","1":"product","2":"type-product","3":"status-publish","4":"has-post-thumbnail","6":"product_cat-collarets","7":"product_cat-jove","8":"product_tag-ceramica-ca","9":"product_tag-resines","10":"product_tag-zamak-ca","11":"pa_color-rosa-ca-2","12":"pa_color-verde-ca","13":"pa_talla-l-ca","14":"pa_talla-m-ca","15":"pa_talla-s-ca","17":"first","18":"instock","19":"taxable","20":"shipping-taxable","21":"purchasable","22":"product-type-variable","23":"has-default-attributes"},"_links":{"self":[{"href":"https:\/\/egassbarcelona.com\/ca\/wp-json\/wp\/v2\/product\/8185","targetHints":{"allow":["GET"]}}],"collection":[{"href":"https:\/\/egassbarcelona.com\/ca\/wp-json\/wp\/v2\/product"}],"about":[{"href":"https:\/\/egassbarcelona.com\/ca\/wp-json\/wp\/v2\/types\/product"}],"replies":[{"embeddable":true,"href":"https:\/\/egassbarcelona.com\/ca\/wp-json\/wp\/v2\/comments?post=8185"}],"wp:featuredmedia":[{"embeddable":true,"href":"https:\/\/egassbarcelona.com\/ca\/wp-json\/wp\/v2\/media\/22730"}],"wp:attachment":[{"href":"https:\/\/egassbarcelona.com\/ca\/wp-json\/wp\/v2\/media?parent=8185"}],"wp:term":[{"taxonomy":"product_brand","embeddable":true,"href":"https:\/\/egassbarcelona.com\/ca\/wp-json\/wp\/v2\/product_brand?post=8185"},{"taxonomy":"product_cat","embeddable":true,"href":"https:\/\/egassbarcelona.com\/ca\/wp-json\/wp\/v2\/product_cat?post=8185"},{"taxonomy":"product_tag","embeddable":true,"href":"https:\/\/egassbarcelona.com\/ca\/wp-json\/wp\/v2\/product_tag?post=8185"}],"curies":[{"name":"wp","href":"https:\/\/api.w.org\/{rel}","templated":true}]}}