{"id":8142,"date":"2017-07-10T01:16:44","date_gmt":"2017-07-09T23:16:44","guid":{"rendered":"https:\/\/egassbarcelona.com\/producto\/pin-2\/"},"modified":"2023-07-17T14:26:47","modified_gmt":"2023-07-17T12:26:47","slug":"pin-curts-2","status":"publish","type":"product","link":"https:\/\/egassbarcelona.com\/ca\/producte\/pin-curts-2\/","title":{"rendered":"PIN CURTS"},"content":{"rendered":"<p>Arracades molt discretes i f\u00e0cils de portar. Ideals per a persones que els agraden les arracades petites.<\/p>\n","protected":false},"excerpt":{"rendered":"<p>Arracades curtes de cuir acabades en un cilindre seccionat de zamak banyat en plata.<br \/>\nDisponibles en diferents colors.<br \/>\nIdeals per combinar amb el collaret Kimiyo.<br \/>\nHi ha l&#8217;opci\u00f3 tancament de clip, per a orella sense perforaci\u00f3, o l&#8217;opci\u00f3 est\u00e0ndard per a orella perforada. El tancament de clip \u00e9s diferent al del model perforat.<br \/>\nFet a m\u00e0.<br \/>\nLlargada aproximada 1.5 cm. <\/p>\n","protected":false},"featured_media":22708,"comment_status":"closed","ping_status":"closed","template":"","meta":{"_seopress_robots_primary_cat":"0","_seopress_titles_title":"","_seopress_titles_desc":"","_seopress_robots_index":""},"product_brand":[],"product_cat":[149,524],"product_tag":[967],"class_list":{"0":"post-8142","1":"product","2":"type-product","3":"status-publish","4":"has-post-thumbnail","6":"product_cat-arracades","7":"product_cat-jove","8":"product_tag-arracadas-de-clip","9":"pa_cierre-clip-ca","10":"pa_cierre-estandard","11":"pa_color-blau-fosc-ca","12":"pa_color-marro-ca","13":"pa_color-negre-ca-2","14":"pa_color-vermell-burdeus-ca","16":"first","17":"instock","18":"taxable","19":"shipping-taxable","20":"purchasable","21":"product-type-variable","22":"has-default-attributes"},"_links":{"self":[{"href":"https:\/\/egassbarcelona.com\/ca\/wp-json\/wp\/v2\/product\/8142","targetHints":{"allow":["GET"]}}],"collection":[{"href":"https:\/\/egassbarcelona.com\/ca\/wp-json\/wp\/v2\/product"}],"about":[{"href":"https:\/\/egassbarcelona.com\/ca\/wp-json\/wp\/v2\/types\/product"}],"replies":[{"embeddable":true,"href":"https:\/\/egassbarcelona.com\/ca\/wp-json\/wp\/v2\/comments?post=8142"}],"wp:featuredmedia":[{"embeddable":true,"href":"https:\/\/egassbarcelona.com\/ca\/wp-json\/wp\/v2\/media\/22708"}],"wp:attachment":[{"href":"https:\/\/egassbarcelona.com\/ca\/wp-json\/wp\/v2\/media?parent=8142"}],"wp:term":[{"taxonomy":"product_brand","embeddable":true,"href":"https:\/\/egassbarcelona.com\/ca\/wp-json\/wp\/v2\/product_brand?post=8142"},{"taxonomy":"product_cat","embeddable":true,"href":"https:\/\/egassbarcelona.com\/ca\/wp-json\/wp\/v2\/product_cat?post=8142"},{"taxonomy":"product_tag","embeddable":true,"href":"https:\/\/egassbarcelona.com\/ca\/wp-json\/wp\/v2\/product_tag?post=8142"}],"curies":[{"name":"wp","href":"https:\/\/api.w.org\/{rel}","templated":true}]}}