{"id":8064,"date":"2017-07-09T20:54:55","date_gmt":"2017-07-09T18:54:55","guid":{"rendered":"https:\/\/egassbarcelona.com\/?post_type=product&#038;p=8064\/"},"modified":"2025-03-23T21:38:54","modified_gmt":"2025-03-23T20:38:54","slug":"arabela","status":"publish","type":"product","link":"https:\/\/egassbarcelona.com\/ca\/producte\/arabela\/","title":{"rendered":"ARABELA"},"content":{"rendered":"<p>Una combinaci\u00f3 perfecta de naturalitat i sofisticaci\u00f3, ideal per a qui busca una joia minimalista amb un toc distintiu.<\/p>\n","protected":false},"excerpt":{"rendered":"<p>Collaret curt i lleuger, dissenyat amb un fil fi i petits cubs de corall bamb\u00fa o \u00f2nix, segons el model. La seva disposici\u00f3 delicada i org\u00e0nica crea la il\u00b7lusi\u00f3 que les peces floten sobre la pell, aconseguint un efecte subtil i elegant.Disponible en vermell o negre.<br \/>\nFet a m\u00e0<br \/>\nTalles: S: 37 cm | M: 42 cm | L: 47 cm<br \/>\n<a href=\"https:\/\/egassbarcelona.com\/ca\/talles\/\" target=\"_blank\" rel=\"noopener noreferrer\">Taula de talles<\/a><\/p>\n","protected":false},"featured_media":22682,"comment_status":"closed","ping_status":"closed","template":"","meta":{"_seopress_robots_primary_cat":"844","_seopress_titles_title":"","_seopress_titles_desc":"","_seopress_robots_index":""},"product_brand":[],"product_cat":[844],"product_tag":[972,671,521],"class_list":{"0":"post-8064","1":"product","2":"type-product","3":"status-publish","4":"has-post-thumbnail","6":"product_cat-altres-colleccions-collarets","7":"product_tag-coral-bambu-ca","8":"product_tag-onix-ca","9":"product_tag-zamak-banado-en-plata-ca","10":"pa_color-negre-ca-2","11":"pa_color-vermell-ca","12":"pa_talla-l-ca","13":"pa_talla-m-ca","14":"pa_talla-s-ca","16":"first","17":"instock","18":"taxable","19":"shipping-taxable","20":"purchasable","21":"product-type-variable","22":"has-default-attributes"},"_links":{"self":[{"href":"https:\/\/egassbarcelona.com\/ca\/wp-json\/wp\/v2\/product\/8064","targetHints":{"allow":["GET"]}}],"collection":[{"href":"https:\/\/egassbarcelona.com\/ca\/wp-json\/wp\/v2\/product"}],"about":[{"href":"https:\/\/egassbarcelona.com\/ca\/wp-json\/wp\/v2\/types\/product"}],"replies":[{"embeddable":true,"href":"https:\/\/egassbarcelona.com\/ca\/wp-json\/wp\/v2\/comments?post=8064"}],"wp:featuredmedia":[{"embeddable":true,"href":"https:\/\/egassbarcelona.com\/ca\/wp-json\/wp\/v2\/media\/22682"}],"wp:attachment":[{"href":"https:\/\/egassbarcelona.com\/ca\/wp-json\/wp\/v2\/media?parent=8064"}],"wp:term":[{"taxonomy":"product_brand","embeddable":true,"href":"https:\/\/egassbarcelona.com\/ca\/wp-json\/wp\/v2\/product_brand?post=8064"},{"taxonomy":"product_cat","embeddable":true,"href":"https:\/\/egassbarcelona.com\/ca\/wp-json\/wp\/v2\/product_cat?post=8064"},{"taxonomy":"product_tag","embeddable":true,"href":"https:\/\/egassbarcelona.com\/ca\/wp-json\/wp\/v2\/product_tag?post=8064"}],"curies":[{"name":"wp","href":"https:\/\/api.w.org\/{rel}","templated":true}]}}