{"id":8036,"date":"2017-07-09T17:37:04","date_gmt":"2017-07-09T15:37:04","guid":{"rendered":"https:\/\/egassbarcelona.com\/producto\/arale-2\/"},"modified":"2025-03-23T21:12:32","modified_gmt":"2025-03-23T20:12:32","slug":"arale-2","status":"publish","type":"product","link":"https:\/\/egassbarcelona.com\/ca\/producte\/arale-2\/","title":{"rendered":"ARALE"},"content":{"rendered":"<p>Collaret curt realitzat amb quatre tires de cable i minerals. Molt lleuger. Tanca i cadena per ajustar la mida de zamak banyat en plata. Fet a m\u00e0.<\/p>\n<p>Disponible en blau, violeta i verd caqui.<\/p>\n<p><a href=\"https:\/\/egassbarcelona.com\/ca\/talles\/\" target=\"_blank\" rel=\"noopener noreferrer\">Taula de talles<\/a><\/p>\n","protected":false},"excerpt":{"rendered":"<p>Collaret curt i lleuger, dissenyat amb un fil fi de cable, que dona la sensaci\u00f3 que els minerals floten sobre la pell. La seva disposici\u00f3 org\u00e0nica crea un efecte subtil i elegant, combinant naturalitat i sofisticaci\u00f3. Tancament i cadena per ajustar la mida de zamak banyat en plata. Fet a m\u00e0.<br \/>\nDisponible en blau i verd caqui.<br \/>\nTalles: S: 37 cm | M: 42 cm | L: 47 cm | XL: 52C<\/p>\n<p><a href=\"https:\/\/egassbarcelona.com\/ca\/talles\/\" target=\"_blank\" rel=\"noopener noreferrer\">Taula de talles<\/a><\/p>\n","protected":false},"featured_media":22663,"comment_status":"closed","ping_status":"closed","template":"","meta":{"_seopress_robots_primary_cat":"844","_seopress_titles_title":"","_seopress_titles_desc":"","_seopress_robots_index":""},"product_brand":[],"product_cat":[844],"product_tag":[],"class_list":{"0":"post-8036","1":"product","2":"type-product","3":"status-publish","4":"has-post-thumbnail","6":"product_cat-altres-colleccions-collarets","7":"pa_color-blau-ca","8":"pa_color-verd-caqui-ca","9":"pa_color-violeta-ca-2","10":"pa_talla-l-ca","11":"pa_talla-m-ca","12":"pa_talla-s-ca","14":"first","15":"instock","16":"taxable","17":"shipping-taxable","18":"purchasable","19":"product-type-variable","20":"has-default-attributes"},"_links":{"self":[{"href":"https:\/\/egassbarcelona.com\/ca\/wp-json\/wp\/v2\/product\/8036","targetHints":{"allow":["GET"]}}],"collection":[{"href":"https:\/\/egassbarcelona.com\/ca\/wp-json\/wp\/v2\/product"}],"about":[{"href":"https:\/\/egassbarcelona.com\/ca\/wp-json\/wp\/v2\/types\/product"}],"replies":[{"embeddable":true,"href":"https:\/\/egassbarcelona.com\/ca\/wp-json\/wp\/v2\/comments?post=8036"}],"wp:featuredmedia":[{"embeddable":true,"href":"https:\/\/egassbarcelona.com\/ca\/wp-json\/wp\/v2\/media\/22663"}],"wp:attachment":[{"href":"https:\/\/egassbarcelona.com\/ca\/wp-json\/wp\/v2\/media?parent=8036"}],"wp:term":[{"taxonomy":"product_brand","embeddable":true,"href":"https:\/\/egassbarcelona.com\/ca\/wp-json\/wp\/v2\/product_brand?post=8036"},{"taxonomy":"product_cat","embeddable":true,"href":"https:\/\/egassbarcelona.com\/ca\/wp-json\/wp\/v2\/product_cat?post=8036"},{"taxonomy":"product_tag","embeddable":true,"href":"https:\/\/egassbarcelona.com\/ca\/wp-json\/wp\/v2\/product_tag?post=8036"}],"curies":[{"name":"wp","href":"https:\/\/api.w.org\/{rel}","templated":true}]}}