{"id":7327,"date":"2016-12-05T09:13:47","date_gmt":"2016-12-05T08:13:47","guid":{"rendered":"https:\/\/egassbarcelona.com\/producto\/7327\/"},"modified":"2025-12-21T15:51:28","modified_gmt":"2025-12-21T14:51:28","slug":"kim-3","status":"publish","type":"product","link":"https:\/\/egassbarcelona.com\/ca\/producte\/kim-3\/","title":{"rendered":"Kim"},"content":{"rendered":"","protected":false},"excerpt":{"rendered":"<p>Collar largo con bolas, abalorios , minerales, cristales, resinas y piezas de diferentes texturas y tama\u00f1os, engarzadas. Tira de cuero o hilo sedoso seg\u00fan modelo. Cierre y cadena para ajustar la medida de zamak ba\u00f1ado. Existe en tres colores rojo burdeos, gris y negro.<\/p>\n<p>Disponible en varias tallas.<\/p>\n<p><a href=\"https:\/\/egassbarcelona.com\/ca\/talles\/\"><strong>Tabla de tallas<\/strong><\/a><\/p>\n<p>&nbsp;<\/p>\n","protected":false},"featured_media":22574,"comment_status":"closed","ping_status":"closed","template":"","meta":{"_seopress_robots_primary_cat":"0","_seopress_titles_title":"","_seopress_titles_desc":"","_seopress_robots_index":""},"product_brand":[],"product_cat":[81],"product_tag":[548,549,503,195,176,297,171],"class_list":{"0":"post-7327","1":"product","2":"type-product","3":"status-publish","4":"has-post-thumbnail","6":"product_cat-collarets","7":"product_tag-cadena-ca","8":"product_tag-cristales-ca","9":"product_tag-cuero-fino-ca","10":"product_tag-cuir","11":"product_tag-minerals","12":"product_tag-resines","13":"product_tag-zamak-ca","14":"pa_color-gris-ca-2","15":"pa_color-negre-ca-2","16":"pa_color-vermell-ca","17":"pa_talla-l-ca","18":"pa_talla-m-ca","19":"pa_talla-s-ca","21":"first","22":"instock","23":"taxable","24":"shipping-taxable","25":"purchasable","26":"product-type-variable","27":"has-default-attributes"},"_links":{"self":[{"href":"https:\/\/egassbarcelona.com\/ca\/wp-json\/wp\/v2\/product\/7327","targetHints":{"allow":["GET"]}}],"collection":[{"href":"https:\/\/egassbarcelona.com\/ca\/wp-json\/wp\/v2\/product"}],"about":[{"href":"https:\/\/egassbarcelona.com\/ca\/wp-json\/wp\/v2\/types\/product"}],"replies":[{"embeddable":true,"href":"https:\/\/egassbarcelona.com\/ca\/wp-json\/wp\/v2\/comments?post=7327"}],"wp:featuredmedia":[{"embeddable":true,"href":"https:\/\/egassbarcelona.com\/ca\/wp-json\/wp\/v2\/media\/22574"}],"wp:attachment":[{"href":"https:\/\/egassbarcelona.com\/ca\/wp-json\/wp\/v2\/media?parent=7327"}],"wp:term":[{"taxonomy":"product_brand","embeddable":true,"href":"https:\/\/egassbarcelona.com\/ca\/wp-json\/wp\/v2\/product_brand?post=7327"},{"taxonomy":"product_cat","embeddable":true,"href":"https:\/\/egassbarcelona.com\/ca\/wp-json\/wp\/v2\/product_cat?post=7327"},{"taxonomy":"product_tag","embeddable":true,"href":"https:\/\/egassbarcelona.com\/ca\/wp-json\/wp\/v2\/product_tag?post=7327"}],"curies":[{"name":"wp","href":"https:\/\/api.w.org\/{rel}","templated":true}]}}