{"id":7274,"date":"2016-12-05T08:25:06","date_gmt":"2016-12-05T07:25:06","guid":{"rendered":"https:\/\/egassbarcelona.com\/ca\/producto\/marlen\/"},"modified":"2021-12-07T19:03:43","modified_gmt":"2021-12-07T18:03:43","slug":"marlen","status":"publish","type":"product","link":"https:\/\/egassbarcelona.com\/ca\/producte\/marlen\/","title":{"rendered":"MARLEN"},"content":{"rendered":"<p>Collaret llarg d\u2019antelina amb tires entrella\u00e7ades blau mar\u00ed i gris pedra i canutillos daurats insertats. Pe\u00e7a central, tamb\u00e9 daurada, ovalada amb fleco i minerals per adornar. Tanca i cadena per ajustar la mida de zamak banyat.<\/p>\n<p>Fet a m\u00e0.<\/p>\n<p>Disponible en diferents mides.<\/p>\n<p>&nbsp;<\/p>\n","protected":false},"excerpt":{"rendered":"<p>Collaret llarg d\u2019antelina amb tires entrella\u00e7ades blau mar\u00ed i gris pedra i canutillos daurats insertats. Pe\u00e7a central, tamb\u00e9 daurada, ovalada amb fleco i minerals per adornar. Tanca i cadena per ajustar la mida de zamak banyat.<\/p>\n<p>Fet a m\u00e0.<\/p>\n<p>Disponible en diferents mides.<\/p>\n<p><a href=\"https:\/\/egassbarcelona.com\/ca\/talles\/\">Taula de talles<\/a><\/p>\n","protected":false},"featured_media":22561,"comment_status":"closed","ping_status":"closed","template":"","meta":{"_seopress_robots_primary_cat":"0","_seopress_titles_title":"","_seopress_titles_desc":"","_seopress_robots_index":""},"product_brand":[],"product_cat":[733],"product_tag":[190,196,171],"class_list":{"0":"post-7274","1":"product","2":"type-product","3":"status-publish","4":"has-post-thumbnail","6":"product_cat-models-esgotats","7":"product_tag-antelina-ca","8":"product_tag-fet-a-ma","9":"product_tag-zamak-ca","10":"pa_talla-l-ca","11":"pa_talla-m-ca","12":"pa_talla-s-ca","14":"first","15":"instock","16":"taxable","17":"shipping-taxable","18":"purchasable","19":"product-type-variable","20":"has-default-attributes"},"_links":{"self":[{"href":"https:\/\/egassbarcelona.com\/ca\/wp-json\/wp\/v2\/product\/7274","targetHints":{"allow":["GET"]}}],"collection":[{"href":"https:\/\/egassbarcelona.com\/ca\/wp-json\/wp\/v2\/product"}],"about":[{"href":"https:\/\/egassbarcelona.com\/ca\/wp-json\/wp\/v2\/types\/product"}],"replies":[{"embeddable":true,"href":"https:\/\/egassbarcelona.com\/ca\/wp-json\/wp\/v2\/comments?post=7274"}],"wp:featuredmedia":[{"embeddable":true,"href":"https:\/\/egassbarcelona.com\/ca\/wp-json\/wp\/v2\/media\/22561"}],"wp:attachment":[{"href":"https:\/\/egassbarcelona.com\/ca\/wp-json\/wp\/v2\/media?parent=7274"}],"wp:term":[{"taxonomy":"product_brand","embeddable":true,"href":"https:\/\/egassbarcelona.com\/ca\/wp-json\/wp\/v2\/product_brand?post=7274"},{"taxonomy":"product_cat","embeddable":true,"href":"https:\/\/egassbarcelona.com\/ca\/wp-json\/wp\/v2\/product_cat?post=7274"},{"taxonomy":"product_tag","embeddable":true,"href":"https:\/\/egassbarcelona.com\/ca\/wp-json\/wp\/v2\/product_tag?post=7274"}],"curies":[{"name":"wp","href":"https:\/\/api.w.org\/{rel}","templated":true}]}}