{"id":6745,"date":"2015-11-22T21:50:01","date_gmt":"2015-11-22T20:50:01","guid":{"rendered":"https:\/\/egassbarcelona.com\/producto\/vicky-2\/"},"modified":"2025-11-23T21:33:44","modified_gmt":"2025-11-23T20:33:44","slug":"vicky-2","status":"publish","type":"product","link":"https:\/\/egassbarcelona.com\/ca\/producte\/vicky-2\/","title":{"rendered":"Vicky"},"content":{"rendered":"<p class=\"p1\"><span class=\"s1\">Polsera elaborada amb tires de cuir negre combinades amb petites boles de zamak banyades en plata, que aporten brillantor i textura al disseny. La pe\u00e7a r\u00edgida semicircular, tamb\u00e9 en zamak banyat en plata, equilibra la composici\u00f3 i afegeix un toc modern i distintiu.  <\/span><span class=\"s1\">Lleugera, c\u00f2moda i amb personalitat, \u00e9s perfecta tant per al dia a dia com per completar looks m\u00e9s cuidats.<\/span><\/p>\n","protected":false},"excerpt":{"rendered":"<p class=\"p1\"><span class=\"s1\">Polsera de cuir negre amb petites boles de zamak i una pe\u00e7a r\u00edgida semicircular banyada en plata. Un disseny vers\u00e0til i afavoridor. <\/span><\/p>\n","protected":false},"featured_media":22206,"comment_status":"closed","ping_status":"closed","template":"","meta":{"_seopress_robots_primary_cat":"0","_seopress_titles_title":"","_seopress_titles_desc":"","_seopress_robots_index":""},"product_brand":[],"product_cat":[150],"product_tag":[195,175,171],"class_list":{"0":"post-6745","1":"product","2":"type-product","3":"status-publish","4":"has-post-thumbnail","6":"product_cat-polseres","7":"product_tag-cuir","8":"product_tag-polsera","9":"product_tag-zamak-ca","10":"pa_color-marro-ca","11":"pa_color-negre-ca-2","12":"pa_talla-l-ca","13":"pa_talla-m-ca","14":"pa_talla-s-ca","15":"pa_talla-xs-ca","17":"first","18":"instock","19":"taxable","20":"shipping-taxable","21":"purchasable","22":"product-type-variable","23":"has-default-attributes"},"_links":{"self":[{"href":"https:\/\/egassbarcelona.com\/ca\/wp-json\/wp\/v2\/product\/6745","targetHints":{"allow":["GET"]}}],"collection":[{"href":"https:\/\/egassbarcelona.com\/ca\/wp-json\/wp\/v2\/product"}],"about":[{"href":"https:\/\/egassbarcelona.com\/ca\/wp-json\/wp\/v2\/types\/product"}],"replies":[{"embeddable":true,"href":"https:\/\/egassbarcelona.com\/ca\/wp-json\/wp\/v2\/comments?post=6745"}],"wp:featuredmedia":[{"embeddable":true,"href":"https:\/\/egassbarcelona.com\/ca\/wp-json\/wp\/v2\/media\/22206"}],"wp:attachment":[{"href":"https:\/\/egassbarcelona.com\/ca\/wp-json\/wp\/v2\/media?parent=6745"}],"wp:term":[{"taxonomy":"product_brand","embeddable":true,"href":"https:\/\/egassbarcelona.com\/ca\/wp-json\/wp\/v2\/product_brand?post=6745"},{"taxonomy":"product_cat","embeddable":true,"href":"https:\/\/egassbarcelona.com\/ca\/wp-json\/wp\/v2\/product_cat?post=6745"},{"taxonomy":"product_tag","embeddable":true,"href":"https:\/\/egassbarcelona.com\/ca\/wp-json\/wp\/v2\/product_tag?post=6745"}],"curies":[{"name":"wp","href":"https:\/\/api.w.org\/{rel}","templated":true}]}}