{"id":6591,"date":"2016-11-07T13:30:21","date_gmt":"2016-11-07T12:30:21","guid":{"rendered":"https:\/\/egassbarcelona.com\/ca\/producto\/kimiyo\/"},"modified":"2021-12-07T19:08:06","modified_gmt":"2021-12-07T18:08:06","slug":"kimiyo-c","status":"publish","type":"product","link":"https:\/\/egassbarcelona.com\/ca\/producte\/kimiyo-c\/","title":{"rendered":"KIMIYO C"},"content":{"rendered":"<p>Collaret llarg de tres tires de\u00a0cuir\u00a0 d&#8217;1 mm, acabades en un cilindre de zamak banyat en plata . Kimiyo \u00e9s un collaret f\u00e0cil de portar\u00a0i de combinar. Fet a m\u00e0.<\/p>\n<p>Disponible en vermell bordeus, negre, blau i marr\u00f3.<\/p>\n<p><span style=\"color: #993366; text-decoration: underline;\"><strong><a style=\"color: #993366; text-decoration: underline;\" href=\"https:\/\/egassbarcelona.com\/ca\/talles\/\" target=\"_blank\" rel=\"noopener noreferrer\">Taula de talles<\/a><\/strong><\/span><\/p>\n","protected":false},"excerpt":{"rendered":"<p>Collaret llarg de tres tires de cuir d&#8217;un mm, acabades en un cilindre de zamak banyat en plata. Kimiyo \u00e9s un collaret molt f\u00e0cil de portar i de combinar. Fet a m\u00e0.<br \/>\nDisponible en color negre, vermell burdeos, blau i marr\u00f3.<\/p>\n<p><strong><a href=\"https:\/\/egassbarcelona.com\/ca\/talles\/\" target=\"_blank\" rel=\"noopener noreferrer\">Taula de talles<\/a><\/strong><\/p>\n","protected":false},"featured_media":22533,"comment_status":"closed","ping_status":"closed","template":"","meta":{"_seopress_robots_primary_cat":"0","_seopress_titles_title":"","_seopress_titles_desc":"","_seopress_robots_index":""},"product_brand":[],"product_cat":[81,524],"product_tag":[],"class_list":{"0":"post-6591","1":"product","2":"type-product","3":"status-publish","4":"has-post-thumbnail","6":"product_cat-collarets","7":"product_cat-jove","8":"pa_color-blau-ca","9":"pa_color-marro-ca","10":"pa_color-negre-ca-2","11":"pa_color-vermell-burdeus-ca","12":"pa_talla-l-ca","13":"pa_talla-m-ca","14":"pa_talla-s-ca","16":"first","17":"instock","18":"taxable","19":"shipping-taxable","20":"purchasable","21":"product-type-variable","22":"has-default-attributes"},"_links":{"self":[{"href":"https:\/\/egassbarcelona.com\/ca\/wp-json\/wp\/v2\/product\/6591","targetHints":{"allow":["GET"]}}],"collection":[{"href":"https:\/\/egassbarcelona.com\/ca\/wp-json\/wp\/v2\/product"}],"about":[{"href":"https:\/\/egassbarcelona.com\/ca\/wp-json\/wp\/v2\/types\/product"}],"replies":[{"embeddable":true,"href":"https:\/\/egassbarcelona.com\/ca\/wp-json\/wp\/v2\/comments?post=6591"}],"wp:featuredmedia":[{"embeddable":true,"href":"https:\/\/egassbarcelona.com\/ca\/wp-json\/wp\/v2\/media\/22533"}],"wp:attachment":[{"href":"https:\/\/egassbarcelona.com\/ca\/wp-json\/wp\/v2\/media?parent=6591"}],"wp:term":[{"taxonomy":"product_brand","embeddable":true,"href":"https:\/\/egassbarcelona.com\/ca\/wp-json\/wp\/v2\/product_brand?post=6591"},{"taxonomy":"product_cat","embeddable":true,"href":"https:\/\/egassbarcelona.com\/ca\/wp-json\/wp\/v2\/product_cat?post=6591"},{"taxonomy":"product_tag","embeddable":true,"href":"https:\/\/egassbarcelona.com\/ca\/wp-json\/wp\/v2\/product_tag?post=6591"}],"curies":[{"name":"wp","href":"https:\/\/api.w.org\/{rel}","templated":true}]}}