{"id":6494,"date":"2016-07-20T20:53:01","date_gmt":"2016-07-20T18:53:01","guid":{"rendered":"https:\/\/egassbarcelona.com\/ca\/producto\/sandra\/"},"modified":"2023-07-16T20:06:28","modified_gmt":"2023-07-16T18:06:28","slug":"sandra","status":"publish","type":"product","link":"https:\/\/egassbarcelona.com\/ca\/producte\/sandra\/","title":{"rendered":"SANDRA"},"content":{"rendered":"<p>Arracades petites molt afavoridores.<\/p>\n<p>&nbsp;<\/p>\n","protected":false},"excerpt":{"rendered":"<p>Arracades de zamak banyades\u00a0en plata\u00a0i resines en forma de ra\u00efm. Hi ha l&#8217;opci\u00f3 de tancament de clip, per a orella sense perforaci\u00f3, o l&#8217;opci\u00f3 est\u00e0ndard per a orella perforada.. Fet a m\u00e0.<\/p>\n<p><\n<\/p>\n","protected":false},"featured_media":22524,"comment_status":"closed","ping_status":"closed","template":"","meta":{"_seopress_robots_primary_cat":"0","_seopress_titles_title":"","_seopress_titles_desc":"","_seopress_robots_index":""},"product_brand":[],"product_cat":[149,524],"product_tag":[967,297,521],"class_list":{"0":"post-6494","1":"product","2":"type-product","3":"status-publish","4":"has-post-thumbnail","6":"product_cat-arracades","7":"product_cat-jove","8":"product_tag-arracadas-de-clip","9":"product_tag-resines","10":"product_tag-zamak-banado-en-plata-ca","11":"pa_cierre-clip-ca","12":"pa_cierre-estandard","13":"pa_color-blau-ca","14":"pa_color-maduixa-ca","16":"first","17":"instock","18":"taxable","19":"shipping-taxable","20":"purchasable","21":"product-type-variable","22":"has-default-attributes"},"_links":{"self":[{"href":"https:\/\/egassbarcelona.com\/ca\/wp-json\/wp\/v2\/product\/6494","targetHints":{"allow":["GET"]}}],"collection":[{"href":"https:\/\/egassbarcelona.com\/ca\/wp-json\/wp\/v2\/product"}],"about":[{"href":"https:\/\/egassbarcelona.com\/ca\/wp-json\/wp\/v2\/types\/product"}],"replies":[{"embeddable":true,"href":"https:\/\/egassbarcelona.com\/ca\/wp-json\/wp\/v2\/comments?post=6494"}],"wp:featuredmedia":[{"embeddable":true,"href":"https:\/\/egassbarcelona.com\/ca\/wp-json\/wp\/v2\/media\/22524"}],"wp:attachment":[{"href":"https:\/\/egassbarcelona.com\/ca\/wp-json\/wp\/v2\/media?parent=6494"}],"wp:term":[{"taxonomy":"product_brand","embeddable":true,"href":"https:\/\/egassbarcelona.com\/ca\/wp-json\/wp\/v2\/product_brand?post=6494"},{"taxonomy":"product_cat","embeddable":true,"href":"https:\/\/egassbarcelona.com\/ca\/wp-json\/wp\/v2\/product_cat?post=6494"},{"taxonomy":"product_tag","embeddable":true,"href":"https:\/\/egassbarcelona.com\/ca\/wp-json\/wp\/v2\/product_tag?post=6494"}],"curies":[{"name":"wp","href":"https:\/\/api.w.org\/{rel}","templated":true}]}}