{"id":6378,"date":"2016-05-13T00:07:18","date_gmt":"2016-05-12T22:07:18","guid":{"rendered":"https:\/\/egassbarcelona.com\/ca\/producto\/alina\/"},"modified":"2021-12-08T09:17:57","modified_gmt":"2021-12-08T08:17:57","slug":"alina","status":"publish","type":"product","link":"https:\/\/egassbarcelona.com\/ca\/producte\/alina\/","title":{"rendered":"ALINA"},"content":{"rendered":"<p>Collaret curt de fil transparent i cristall tallat. Model\u00a0molt fi que d\u00f3na la sensaci\u00f3 de portar el cristall tallat sense subjecci\u00f3. Tanca amb cadena per ajustar la mida. Fet a m\u00e0.<\/p>\n<p>Disponible en diferents talles.<\/p>\n","protected":false},"excerpt":{"rendered":"<p>Collaret curt de fil transparent i cristall tallat. Model\u00a0molt fi que d\u00f3na la sensaci\u00f3 de portar el cristall tallat sense subjecci\u00f3. Tanca amb cadena per ajustar la mida. Fet a m\u00e0.<\/p>\n<p>Disponible en diferents talles.<\/p>\n<p><span style=\"color: #993366; text-decoration: underline;\"><strong><a style=\"color: #993366; text-decoration: underline;\" href=\"https:\/\/egassbarcelona.com\/ca\/talles\" target=\"_blank\" rel=\"noopener\">Taula de talles<\/a><\/strong><\/span><\/p>\n","protected":false},"featured_media":22518,"comment_status":"closed","ping_status":"closed","template":"","meta":{"_seopress_robots_primary_cat":"0","_seopress_titles_title":"","_seopress_titles_desc":"","_seopress_robots_index":""},"product_brand":[],"product_cat":[733],"product_tag":[],"class_list":{"0":"post-6378","1":"product","2":"type-product","3":"status-publish","4":"has-post-thumbnail","6":"product_cat-models-esgotats","7":"pa_talla-l-ca","8":"pa_talla-m-ca","9":"pa_talla-s-ca","11":"first","12":"instock","13":"taxable","14":"shipping-taxable","15":"purchasable","16":"product-type-variable","17":"has-default-attributes"},"_links":{"self":[{"href":"https:\/\/egassbarcelona.com\/ca\/wp-json\/wp\/v2\/product\/6378","targetHints":{"allow":["GET"]}}],"collection":[{"href":"https:\/\/egassbarcelona.com\/ca\/wp-json\/wp\/v2\/product"}],"about":[{"href":"https:\/\/egassbarcelona.com\/ca\/wp-json\/wp\/v2\/types\/product"}],"replies":[{"embeddable":true,"href":"https:\/\/egassbarcelona.com\/ca\/wp-json\/wp\/v2\/comments?post=6378"}],"wp:featuredmedia":[{"embeddable":true,"href":"https:\/\/egassbarcelona.com\/ca\/wp-json\/wp\/v2\/media\/22518"}],"wp:attachment":[{"href":"https:\/\/egassbarcelona.com\/ca\/wp-json\/wp\/v2\/media?parent=6378"}],"wp:term":[{"taxonomy":"product_brand","embeddable":true,"href":"https:\/\/egassbarcelona.com\/ca\/wp-json\/wp\/v2\/product_brand?post=6378"},{"taxonomy":"product_cat","embeddable":true,"href":"https:\/\/egassbarcelona.com\/ca\/wp-json\/wp\/v2\/product_cat?post=6378"},{"taxonomy":"product_tag","embeddable":true,"href":"https:\/\/egassbarcelona.com\/ca\/wp-json\/wp\/v2\/product_tag?post=6378"}],"curies":[{"name":"wp","href":"https:\/\/api.w.org\/{rel}","templated":true}]}}