{"id":5682,"date":"2016-04-17T18:38:53","date_gmt":"2016-04-17T16:38:53","guid":{"rendered":"https:\/\/egassbarcelona.com\/ca\/producto\/muli\/"},"modified":"2021-12-08T09:41:22","modified_gmt":"2021-12-08T08:41:22","slug":"muli","status":"publish","type":"product","link":"https:\/\/egassbarcelona.com\/ca\/producte\/muli\/","title":{"rendered":"MULI"},"content":{"rendered":"<p style=\"text-align: justify;\">Collaret llarg d&#8217;anella gran irregular de zamak amb bany daurat i pe\u00e7a de resina en forma d&#8217;oliva al centre. Fil de cot\u00f3 i cadena per ajustar l&#8217;al\u00e7ada. Fet a m\u00e0.<\/p>\n<p style=\"text-align: justify;\">Disponible en diferents talles.<\/p>\n","protected":false},"excerpt":{"rendered":"<p style=\"text-align: justify;\">Collaret llarg d&#8217;anella gran irregular de zamak amb bany daurat i pe\u00e7a de resina en forma d&#8217;oliva al centre. Fil de cot\u00f3 i cadena per ajustar l&#8217;al\u00e7ada. Fet a m\u00e0.<\/p>\n<p style=\"text-align: justify;\">Disponible en diferents talles.<\/p>\n<p><span style=\"text-decoration: underline;\"><strong><a href=\"https:\/\/egassbarcelona.com\/ca\/talles\/\" target=\"_blank\" rel=\"noopener\">Taula de talles<\/a><\/strong><\/span><\/p>\n","protected":false},"featured_media":22456,"comment_status":"closed","ping_status":"closed","template":"","meta":{"_seopress_robots_primary_cat":"0","_seopress_titles_title":"","_seopress_titles_desc":"","_seopress_robots_index":""},"product_brand":[],"product_cat":[81],"product_tag":[190,200,462,171],"class_list":{"0":"post-5682","1":"product","2":"type-product","3":"status-publish","4":"has-post-thumbnail","6":"product_cat-collarets","7":"product_tag-antelina-ca","8":"product_tag-coto","9":"product_tag-resina-ca","10":"product_tag-zamak-ca","11":"pa_color-negre-ca-2","12":"pa_talla-l-ca","13":"pa_talla-m-ca","15":"first","16":"instock","17":"taxable","18":"shipping-taxable","19":"purchasable","20":"product-type-variable","21":"has-default-attributes"},"_links":{"self":[{"href":"https:\/\/egassbarcelona.com\/ca\/wp-json\/wp\/v2\/product\/5682","targetHints":{"allow":["GET"]}}],"collection":[{"href":"https:\/\/egassbarcelona.com\/ca\/wp-json\/wp\/v2\/product"}],"about":[{"href":"https:\/\/egassbarcelona.com\/ca\/wp-json\/wp\/v2\/types\/product"}],"replies":[{"embeddable":true,"href":"https:\/\/egassbarcelona.com\/ca\/wp-json\/wp\/v2\/comments?post=5682"}],"wp:featuredmedia":[{"embeddable":true,"href":"https:\/\/egassbarcelona.com\/ca\/wp-json\/wp\/v2\/media\/22456"}],"wp:attachment":[{"href":"https:\/\/egassbarcelona.com\/ca\/wp-json\/wp\/v2\/media?parent=5682"}],"wp:term":[{"taxonomy":"product_brand","embeddable":true,"href":"https:\/\/egassbarcelona.com\/ca\/wp-json\/wp\/v2\/product_brand?post=5682"},{"taxonomy":"product_cat","embeddable":true,"href":"https:\/\/egassbarcelona.com\/ca\/wp-json\/wp\/v2\/product_cat?post=5682"},{"taxonomy":"product_tag","embeddable":true,"href":"https:\/\/egassbarcelona.com\/ca\/wp-json\/wp\/v2\/product_tag?post=5682"}],"curies":[{"name":"wp","href":"https:\/\/api.w.org\/{rel}","templated":true}]}}