{"id":5626,"date":"2016-04-03T19:30:47","date_gmt":"2016-04-03T17:30:47","guid":{"rendered":"https:\/\/egassbarcelona.com\/ca\/producto\/paula\/"},"modified":"2023-07-17T15:19:28","modified_gmt":"2023-07-17T13:19:28","slug":"paula","status":"publish","type":"product","link":"https:\/\/egassbarcelona.com\/ca\/producte\/paula\/","title":{"rendered":"PAULA"},"content":{"rendered":"<p>Les arracades Paula, en ser llargs t\u2019estilizaran\u00a0i que t\u2019allargaran la cara. Ideals per fisonomies rodones o quadrades.<\/p>\n","protected":false},"excerpt":{"rendered":"<p>Arracades llargues de cuir fi amb boletes de zamak banyades en plata. Hi ha l&#8217;opci\u00f3 tancament de clip, per a orella sense perforaci\u00f3, o l&#8217;opci\u00f3 est\u00e0ndard per a orella perforada. El tancament de clip \u00e9s diferent al del model perforat.<br \/>\nDisponible en diferents colors.<br \/>\nFet a m\u00e0.<\/p>\n","protected":false},"featured_media":22442,"comment_status":"closed","ping_status":"closed","template":"","meta":{"_seopress_robots_primary_cat":"846","_seopress_titles_title":"","_seopress_titles_desc":"","_seopress_robots_index":""},"product_brand":[],"product_cat":[846],"product_tag":[503,196,282],"class_list":{"0":"post-5626","1":"product","2":"type-product","3":"status-publish","4":"has-post-thumbnail","6":"product_cat-altres-colleccions-arracades","7":"product_tag-cuero-fino-ca","8":"product_tag-fet-a-ma","9":"product_tag-zamak-amb-bany-de-plata","10":"pa_cierre-clip-ca","11":"pa_cierre-estandard","12":"pa_color-blau-ca","13":"pa_color-camel-ca-2","14":"pa_color-marro-ca","15":"pa_color-negre-ca-2","16":"pa_color-vermell-burdeus-ca","18":"first","19":"instock","20":"taxable","21":"shipping-taxable","22":"purchasable","23":"product-type-variable","24":"has-default-attributes"},"_links":{"self":[{"href":"https:\/\/egassbarcelona.com\/ca\/wp-json\/wp\/v2\/product\/5626","targetHints":{"allow":["GET"]}}],"collection":[{"href":"https:\/\/egassbarcelona.com\/ca\/wp-json\/wp\/v2\/product"}],"about":[{"href":"https:\/\/egassbarcelona.com\/ca\/wp-json\/wp\/v2\/types\/product"}],"replies":[{"embeddable":true,"href":"https:\/\/egassbarcelona.com\/ca\/wp-json\/wp\/v2\/comments?post=5626"}],"wp:featuredmedia":[{"embeddable":true,"href":"https:\/\/egassbarcelona.com\/ca\/wp-json\/wp\/v2\/media\/22442"}],"wp:attachment":[{"href":"https:\/\/egassbarcelona.com\/ca\/wp-json\/wp\/v2\/media?parent=5626"}],"wp:term":[{"taxonomy":"product_brand","embeddable":true,"href":"https:\/\/egassbarcelona.com\/ca\/wp-json\/wp\/v2\/product_brand?post=5626"},{"taxonomy":"product_cat","embeddable":true,"href":"https:\/\/egassbarcelona.com\/ca\/wp-json\/wp\/v2\/product_cat?post=5626"},{"taxonomy":"product_tag","embeddable":true,"href":"https:\/\/egassbarcelona.com\/ca\/wp-json\/wp\/v2\/product_tag?post=5626"}],"curies":[{"name":"wp","href":"https:\/\/api.w.org\/{rel}","templated":true}]}}