{"id":5549,"date":"2016-04-03T15:49:56","date_gmt":"2016-04-03T13:49:56","guid":{"rendered":"https:\/\/egassbarcelona.com\/ca\/producto\/magdalena\/"},"modified":"2023-07-17T15:05:22","modified_gmt":"2023-07-17T13:05:22","slug":"magdalena","status":"publish","type":"product","link":"https:\/\/egassbarcelona.com\/ca\/producte\/magdalena\/","title":{"rendered":"MAGDALENA"},"content":{"rendered":"<p style=\"text-align: justify;\">Les arracades Magdalena, en ser llargues t\u2019estilizaran i que t\u2019allargaran la cara. Ideals per fisonomies rodones o quadrades.<\/p>\n<p style=\"text-align: justify;\">\n","protected":false},"excerpt":{"rendered":"<p>Arracades llargues d&#8217;<span class=\"hiddenSpellError\">antelina<\/span> amb cilindre i pe\u00e7a en forma de ll\u00e0grima de <span class=\"hiddenSpellError\">zamak<\/span> amb bany de plata. Hi ha l&#8217;opci\u00f3 tancament de clip, per a orella sense perforaci\u00f3, o l&#8217;opci\u00f3 est\u00e0ndard per a orella perforada. El tancament de clip \u00e9s diferent al del model perforat.<br \/>\nDisponible color verd caqui i marr\u00f3.<br \/>\nFet a m\u00e0.<br \/>\nLlargada: 6 cm.<\/p>\n","protected":false},"featured_media":22432,"comment_status":"closed","ping_status":"closed","template":"","meta":{"_seopress_robots_primary_cat":"846","_seopress_titles_title":"","_seopress_titles_desc":"","_seopress_robots_index":""},"product_brand":[],"product_cat":[846],"product_tag":[190,967,282],"class_list":{"0":"post-5549","1":"product","2":"type-product","3":"status-publish","4":"has-post-thumbnail","6":"product_cat-altres-colleccions-arracades","7":"product_tag-antelina-ca","8":"product_tag-arracadas-de-clip","9":"product_tag-zamak-amb-bany-de-plata","10":"pa_cierre-clip-ca","11":"pa_cierre-estandard","12":"pa_color-marro-ca","13":"pa_color-verd-caqui-ca-2","15":"first","16":"instock","17":"taxable","18":"shipping-taxable","19":"purchasable","20":"product-type-variable","21":"has-default-attributes"},"_links":{"self":[{"href":"https:\/\/egassbarcelona.com\/ca\/wp-json\/wp\/v2\/product\/5549","targetHints":{"allow":["GET"]}}],"collection":[{"href":"https:\/\/egassbarcelona.com\/ca\/wp-json\/wp\/v2\/product"}],"about":[{"href":"https:\/\/egassbarcelona.com\/ca\/wp-json\/wp\/v2\/types\/product"}],"replies":[{"embeddable":true,"href":"https:\/\/egassbarcelona.com\/ca\/wp-json\/wp\/v2\/comments?post=5549"}],"wp:featuredmedia":[{"embeddable":true,"href":"https:\/\/egassbarcelona.com\/ca\/wp-json\/wp\/v2\/media\/22432"}],"wp:attachment":[{"href":"https:\/\/egassbarcelona.com\/ca\/wp-json\/wp\/v2\/media?parent=5549"}],"wp:term":[{"taxonomy":"product_brand","embeddable":true,"href":"https:\/\/egassbarcelona.com\/ca\/wp-json\/wp\/v2\/product_brand?post=5549"},{"taxonomy":"product_cat","embeddable":true,"href":"https:\/\/egassbarcelona.com\/ca\/wp-json\/wp\/v2\/product_cat?post=5549"},{"taxonomy":"product_tag","embeddable":true,"href":"https:\/\/egassbarcelona.com\/ca\/wp-json\/wp\/v2\/product_tag?post=5549"}],"curies":[{"name":"wp","href":"https:\/\/api.w.org\/{rel}","templated":true}]}}