{"id":5198,"date":"2016-03-27T18:38:32","date_gmt":"2016-03-27T16:38:32","guid":{"rendered":"https:\/\/egassbarcelona.com\/ca\/producto\/montse\/"},"modified":"2021-12-08T18:15:04","modified_gmt":"2021-12-08T17:15:04","slug":"montse","status":"publish","type":"product","link":"https:\/\/egassbarcelona.com\/ca\/producte\/montse\/","title":{"rendered":"MONTSE"},"content":{"rendered":"<p>Polsera ampla de cuir pla i tanca d&#8217;imant rectangular de <span class=\"hiddenSpellError\">zamak<\/span> amb bany de plata. Fet a m\u00e0.<\/p>\n<p>La polsera Montse \u00e9s molt f\u00e0cil de botonar i de portar.<\/p>\n<p>Disponible en diferents colors i talles.<\/p>\n","protected":false},"excerpt":{"rendered":"<p>Polsera ampla de cuir pla i tanca d&#8217;imant rectangular de <span class=\"hiddenSpellError\">zamak<\/span> amb bany de plata. Fet a m\u00e0.<\/p>\n<p>La polsera Montse, \u00e9s una pe\u00e7a f\u00e0cil de botonar i de portar.<\/p>\n<p>Disponible en diferents colors i talles.<br \/>\n<span style=\"color: #993366; text-decoration: underline;\"><strong><a style=\"color: #993366; text-decoration: underline;\" href=\"https:\/\/egassbarcelona.com\/ca\/talles\/\" target=\"_blank\" rel=\"noopener\">Taula de talles<\/a><\/strong><\/span><\/p>\n","protected":false},"featured_media":22370,"comment_status":"closed","ping_status":"closed","template":"","meta":{"_seopress_robots_primary_cat":"0","_seopress_titles_title":"","_seopress_titles_desc":"","_seopress_robots_index":""},"product_brand":[],"product_cat":[150],"product_tag":[303,282],"class_list":{"0":"post-5198","1":"product","2":"type-product","3":"status-publish","4":"has-post-thumbnail","6":"product_cat-polseres","7":"product_tag-cuir-pla","8":"product_tag-zamak-amb-bany-de-plata","9":"pa_color-blau-ca","10":"pa_color-camel-ca-2","11":"pa_color-negre-ca-2","12":"pa_color-verde-ca","13":"pa_color-vermell-ca","14":"pa_talla-l-ca","15":"pa_talla-m-ca","16":"pa_talla-s-ca","17":"pa_talla-xs-ca","19":"first","20":"instock","21":"taxable","22":"shipping-taxable","23":"purchasable","24":"product-type-variable","25":"has-default-attributes"},"_links":{"self":[{"href":"https:\/\/egassbarcelona.com\/ca\/wp-json\/wp\/v2\/product\/5198","targetHints":{"allow":["GET"]}}],"collection":[{"href":"https:\/\/egassbarcelona.com\/ca\/wp-json\/wp\/v2\/product"}],"about":[{"href":"https:\/\/egassbarcelona.com\/ca\/wp-json\/wp\/v2\/types\/product"}],"replies":[{"embeddable":true,"href":"https:\/\/egassbarcelona.com\/ca\/wp-json\/wp\/v2\/comments?post=5198"}],"wp:featuredmedia":[{"embeddable":true,"href":"https:\/\/egassbarcelona.com\/ca\/wp-json\/wp\/v2\/media\/22370"}],"wp:attachment":[{"href":"https:\/\/egassbarcelona.com\/ca\/wp-json\/wp\/v2\/media?parent=5198"}],"wp:term":[{"taxonomy":"product_brand","embeddable":true,"href":"https:\/\/egassbarcelona.com\/ca\/wp-json\/wp\/v2\/product_brand?post=5198"},{"taxonomy":"product_cat","embeddable":true,"href":"https:\/\/egassbarcelona.com\/ca\/wp-json\/wp\/v2\/product_cat?post=5198"},{"taxonomy":"product_tag","embeddable":true,"href":"https:\/\/egassbarcelona.com\/ca\/wp-json\/wp\/v2\/product_tag?post=5198"}],"curies":[{"name":"wp","href":"https:\/\/api.w.org\/{rel}","templated":true}]}}