{"id":3382,"date":"2015-11-18T23:18:28","date_gmt":"2015-11-18T22:18:28","guid":{"rendered":"https:\/\/egassbarcelona.com\/ca\/producto\/julia\/"},"modified":"2021-12-08T10:27:57","modified_gmt":"2021-12-08T09:27:57","slug":"julia","status":"publish","type":"product","link":"https:\/\/egassbarcelona.com\/ca\/producte\/julia\/","title":{"rendered":"J\u00daLIA"},"content":{"rendered":"<p>Collaret llarg d&#8217;anella gran de zamak amb bany de plata \u00a0i bola negra al centre. Fil de cot\u00f3, tanca i cadena, per ajustar la mida, tamb\u00e9 de zamak banyat. Fet a m\u00e0.<\/p>\n<p>Disponible en diverses talles.<\/p>\n<p>\u00a0<\/p>\n","protected":false},"excerpt":{"rendered":"<p>Collaret llarg d&#8217;anella gran de zamak amb bany de plata esferes de zamak i bola negre al centre. Fil de cot\u00f3, tanca i cadena per ajustar la mida. Fet a m\u00e0.<\/p>\n<p>Disponible en diverses talles.<\/p>\n<p><span style=\"color: #993366; text-decoration: underline;\"><strong>\u00a0<a style=\"color: #993366; text-decoration: underline;\" href=\"https:\/\/egassbarcelona.com\/ca\/talles\" target=\"_blank\" rel=\"noopener\">Taula de talles<\/a><\/strong><\/span><\/p>\n","protected":false},"featured_media":21777,"comment_status":"closed","ping_status":"closed","template":"","meta":{"_seopress_robots_primary_cat":"733","_seopress_titles_title":"","_seopress_titles_desc":"","_seopress_robots_index":""},"product_brand":[],"product_cat":[733],"product_tag":[177,196,171],"class_list":{"0":"post-3382","1":"product","2":"type-product","3":"status-publish","4":"has-post-thumbnail","6":"product_cat-models-esgotats","7":"product_tag-coto-gruixut","8":"product_tag-fet-a-ma","9":"product_tag-zamak-ca","10":"pa_color-negre-ca-2","11":"pa_talla-l-ca","12":"pa_talla-m-ca","14":"first","15":"instock","16":"taxable","17":"shipping-taxable","18":"purchasable","19":"product-type-variable","20":"has-default-attributes"},"_links":{"self":[{"href":"https:\/\/egassbarcelona.com\/ca\/wp-json\/wp\/v2\/product\/3382","targetHints":{"allow":["GET"]}}],"collection":[{"href":"https:\/\/egassbarcelona.com\/ca\/wp-json\/wp\/v2\/product"}],"about":[{"href":"https:\/\/egassbarcelona.com\/ca\/wp-json\/wp\/v2\/types\/product"}],"replies":[{"embeddable":true,"href":"https:\/\/egassbarcelona.com\/ca\/wp-json\/wp\/v2\/comments?post=3382"}],"wp:featuredmedia":[{"embeddable":true,"href":"https:\/\/egassbarcelona.com\/ca\/wp-json\/wp\/v2\/media\/21777"}],"wp:attachment":[{"href":"https:\/\/egassbarcelona.com\/ca\/wp-json\/wp\/v2\/media?parent=3382"}],"wp:term":[{"taxonomy":"product_brand","embeddable":true,"href":"https:\/\/egassbarcelona.com\/ca\/wp-json\/wp\/v2\/product_brand?post=3382"},{"taxonomy":"product_cat","embeddable":true,"href":"https:\/\/egassbarcelona.com\/ca\/wp-json\/wp\/v2\/product_cat?post=3382"},{"taxonomy":"product_tag","embeddable":true,"href":"https:\/\/egassbarcelona.com\/ca\/wp-json\/wp\/v2\/product_tag?post=3382"}],"curies":[{"name":"wp","href":"https:\/\/api.w.org\/{rel}","templated":true}]}}