{"id":3355,"date":"2015-11-20T12:10:31","date_gmt":"2015-11-20T11:10:31","guid":{"rendered":"https:\/\/egassbarcelona.com\/ca\/producto\/cristina\/"},"modified":"2021-12-08T18:09:55","modified_gmt":"2021-12-08T17:09:55","slug":"cristina","status":"publish","type":"product","link":"https:\/\/egassbarcelona.com\/ca\/producte\/cristina\/","title":{"rendered":"CRISTINA LAPISL\u00c0TZULI"},"content":{"rendered":"<p>Collaret llarg de lapisl\u00e0tzuli amb petites esferes entrlla\u00e7ades de zamak banyades amb plata. Tires d&#8217;antelina. Tanca i cadena per ajustar la mida tamb\u00e9 de zamak. Fet a m\u00e0.<\/p>\n<p>Disponible en diferents talles.<\/p>\n","protected":false},"excerpt":{"rendered":"<p>Collaret llarg de lapisl\u00e0tzuli amb petites esferes entrlla\u00e7ades de zamak banyades amb plata. Tires d&#8217;antelina. Tanca i cadena per ajustar la mida tamb\u00e9 de zamak. Fet a m\u00e0.<\/p>\n<p>Disponible en diferents talles.<\/p>\n<p><a href=\"https:\/\/egassbarcelona.com\/ca\/talles\" target=\"_blank\" rel=\"noopener\">Taula de talles<\/a><\/p>\n","protected":false},"featured_media":21852,"comment_status":"closed","ping_status":"closed","template":"","meta":{"_seopress_robots_primary_cat":"0","_seopress_titles_title":"","_seopress_titles_desc":"","_seopress_robots_index":""},"product_brand":[],"product_cat":[844],"product_tag":[190,196,345,171],"class_list":{"0":"post-3355","1":"product","2":"type-product","3":"status-publish","4":"has-post-thumbnail","6":"product_cat-altres-colleccions-collarets","7":"product_tag-antelina-ca","8":"product_tag-fet-a-ma","9":"product_tag-lapis-lazuli-ca","10":"product_tag-zamak-ca","11":"pa_talla-l-ca","12":"pa_talla-m-ca","13":"pa_talla-s-ca","15":"first","16":"instock","17":"taxable","18":"shipping-taxable","19":"purchasable","20":"product-type-variable","21":"has-default-attributes"},"_links":{"self":[{"href":"https:\/\/egassbarcelona.com\/ca\/wp-json\/wp\/v2\/product\/3355","targetHints":{"allow":["GET"]}}],"collection":[{"href":"https:\/\/egassbarcelona.com\/ca\/wp-json\/wp\/v2\/product"}],"about":[{"href":"https:\/\/egassbarcelona.com\/ca\/wp-json\/wp\/v2\/types\/product"}],"replies":[{"embeddable":true,"href":"https:\/\/egassbarcelona.com\/ca\/wp-json\/wp\/v2\/comments?post=3355"}],"wp:featuredmedia":[{"embeddable":true,"href":"https:\/\/egassbarcelona.com\/ca\/wp-json\/wp\/v2\/media\/21852"}],"wp:attachment":[{"href":"https:\/\/egassbarcelona.com\/ca\/wp-json\/wp\/v2\/media?parent=3355"}],"wp:term":[{"taxonomy":"product_brand","embeddable":true,"href":"https:\/\/egassbarcelona.com\/ca\/wp-json\/wp\/v2\/product_brand?post=3355"},{"taxonomy":"product_cat","embeddable":true,"href":"https:\/\/egassbarcelona.com\/ca\/wp-json\/wp\/v2\/product_cat?post=3355"},{"taxonomy":"product_tag","embeddable":true,"href":"https:\/\/egassbarcelona.com\/ca\/wp-json\/wp\/v2\/product_tag?post=3355"}],"curies":[{"name":"wp","href":"https:\/\/api.w.org\/{rel}","templated":true}]}}