{"id":3352,"date":"2015-11-20T12:24:47","date_gmt":"2015-11-20T11:24:47","guid":{"rendered":"https:\/\/egassbarcelona.com\/ca\/producto\/cristina-fluorita\/"},"modified":"2021-12-08T18:13:14","modified_gmt":"2021-12-08T17:13:14","slug":"cristina-amatista","status":"publish","type":"product","link":"https:\/\/egassbarcelona.com\/ca\/producte\/cristina-amatista\/","title":{"rendered":"CRISTINA AMATISTA"},"content":{"rendered":"<p style=\"text-align: justify;\">Collaret llarg de lapis lazuli amb boletes de zamak banyades amb plata entrella\u00e7ades. Tires d&#8217;antelina. Tanca i cadena per ajustar la mida tamb\u00e9 de zamak. Fet a m\u00e0.<\/p>\n<p style=\"text-align: justify;\">Disponible en diferents talles.<\/p>\n","protected":false},"excerpt":{"rendered":"<p style=\"text-align: justify;\">Collaret llarg de lapis lazuli amb boletes de zamak banyades amb plata entrella\u00e7ades. Tires d&#8217;antelina. Tanca i cadena per ajustar la mida tamb\u00e9 de zamak. Fet a m\u00e0.<\/p>\n<p style=\"text-align: justify;\">Disponible en diferents talles.<\/p>\n<p><a href=\"https:\/\/egassbarcelona.com\/ca\/talles\/\" target=\"_blank\" rel=\"noopener\">Taula de talles<\/a><\/p>\n","protected":false},"featured_media":21861,"comment_status":"closed","ping_status":"closed","template":"","meta":{"_seopress_robots_primary_cat":"0","_seopress_titles_title":"","_seopress_titles_desc":"","_seopress_robots_index":""},"product_brand":[],"product_cat":[844],"product_tag":[377,190,196,171],"class_list":{"0":"post-3352","1":"product","2":"type-product","3":"status-publish","4":"has-post-thumbnail","6":"product_cat-altres-colleccions-collarets","7":"product_tag-amatista-ca","8":"product_tag-antelina-ca","9":"product_tag-fet-a-ma","10":"product_tag-zamak-ca","11":"pa_color-violeta-ca-2","12":"pa_talla-l-ca","13":"pa_talla-m-ca","14":"pa_talla-s-ca","16":"first","17":"instock","18":"taxable","19":"shipping-taxable","20":"purchasable","21":"product-type-variable","22":"has-default-attributes"},"_links":{"self":[{"href":"https:\/\/egassbarcelona.com\/ca\/wp-json\/wp\/v2\/product\/3352","targetHints":{"allow":["GET"]}}],"collection":[{"href":"https:\/\/egassbarcelona.com\/ca\/wp-json\/wp\/v2\/product"}],"about":[{"href":"https:\/\/egassbarcelona.com\/ca\/wp-json\/wp\/v2\/types\/product"}],"replies":[{"embeddable":true,"href":"https:\/\/egassbarcelona.com\/ca\/wp-json\/wp\/v2\/comments?post=3352"}],"wp:featuredmedia":[{"embeddable":true,"href":"https:\/\/egassbarcelona.com\/ca\/wp-json\/wp\/v2\/media\/21861"}],"wp:attachment":[{"href":"https:\/\/egassbarcelona.com\/ca\/wp-json\/wp\/v2\/media?parent=3352"}],"wp:term":[{"taxonomy":"product_brand","embeddable":true,"href":"https:\/\/egassbarcelona.com\/ca\/wp-json\/wp\/v2\/product_brand?post=3352"},{"taxonomy":"product_cat","embeddable":true,"href":"https:\/\/egassbarcelona.com\/ca\/wp-json\/wp\/v2\/product_cat?post=3352"},{"taxonomy":"product_tag","embeddable":true,"href":"https:\/\/egassbarcelona.com\/ca\/wp-json\/wp\/v2\/product_tag?post=3352"}],"curies":[{"name":"wp","href":"https:\/\/api.w.org\/{rel}","templated":true}]}}