{"id":3340,"date":"2015-11-20T17:19:13","date_gmt":"2015-11-20T16:19:13","guid":{"rendered":"https:\/\/egassbarcelona.com\/ca\/producto\/deka\/"},"modified":"2021-12-08T18:15:07","modified_gmt":"2021-12-08T17:15:07","slug":"deka","status":"publish","type":"product","link":"https:\/\/egassbarcelona.com\/ca\/producte\/deka\/","title":{"rendered":"DEKA"},"content":{"rendered":"<p style=\"text-align: justify;\">Collaret curt d\u2019aire \u00e8tnic realitzat amb cuir de 2,5 mm de di\u00e0metre, cilindres de zamak i tanca del mateix material. Cadena per ajustar a la mida. Fet a m\u00e0.<\/p>\n<p style=\"text-align: justify;\">Disponible en marr\u00f3, negre i en diverses talles.<\/p>\n","protected":false},"excerpt":{"rendered":"<p style=\"text-align: justify;\">Collaret curt d\u2019aire \u00e8tnic realitzat amb cuir de 2,5 mm de di\u00e0metre, cilindres de zamak i tanca del mateix material. Cadena per ajustar a la mida. Fet a m\u00e0.<\/p>\n<p style=\"text-align: justify;\">Disponible en marr\u00f3, negre i en diverses talles.<\/p>\n<p><a href=\"https:\/\/egassbarcelona.com\/ca\/talles\/\" target=\"_blank\" rel=\"noopener noreferrer\">Taula de talles<\/a><\/p>\n","protected":false},"featured_media":21874,"comment_status":"closed","ping_status":"closed","template":"","meta":{"_seopress_robots_primary_cat":"0","_seopress_titles_title":"","_seopress_titles_desc":"","_seopress_robots_index":""},"product_brand":[],"product_cat":[733],"product_tag":[195,196,171],"class_list":{"0":"post-3340","1":"product","2":"type-product","3":"status-publish","4":"has-post-thumbnail","6":"product_cat-models-esgotats","7":"product_tag-cuir","8":"product_tag-fet-a-ma","9":"product_tag-zamak-ca","10":"pa_color-marro-ca","11":"pa_color-negre-ca-2","12":"pa_talla-l-ca","13":"pa_talla-m-ca","14":"pa_talla-s-ca","16":"first","17":"outofstock","18":"taxable","19":"shipping-taxable","20":"purchasable","21":"product-type-variable","22":"has-default-attributes"},"_links":{"self":[{"href":"https:\/\/egassbarcelona.com\/ca\/wp-json\/wp\/v2\/product\/3340","targetHints":{"allow":["GET"]}}],"collection":[{"href":"https:\/\/egassbarcelona.com\/ca\/wp-json\/wp\/v2\/product"}],"about":[{"href":"https:\/\/egassbarcelona.com\/ca\/wp-json\/wp\/v2\/types\/product"}],"replies":[{"embeddable":true,"href":"https:\/\/egassbarcelona.com\/ca\/wp-json\/wp\/v2\/comments?post=3340"}],"wp:featuredmedia":[{"embeddable":true,"href":"https:\/\/egassbarcelona.com\/ca\/wp-json\/wp\/v2\/media\/21874"}],"wp:attachment":[{"href":"https:\/\/egassbarcelona.com\/ca\/wp-json\/wp\/v2\/media?parent=3340"}],"wp:term":[{"taxonomy":"product_brand","embeddable":true,"href":"https:\/\/egassbarcelona.com\/ca\/wp-json\/wp\/v2\/product_brand?post=3340"},{"taxonomy":"product_cat","embeddable":true,"href":"https:\/\/egassbarcelona.com\/ca\/wp-json\/wp\/v2\/product_cat?post=3340"},{"taxonomy":"product_tag","embeddable":true,"href":"https:\/\/egassbarcelona.com\/ca\/wp-json\/wp\/v2\/product_tag?post=3340"}],"curies":[{"name":"wp","href":"https:\/\/api.w.org\/{rel}","templated":true}]}}