{"id":3326,"date":"2015-11-20T19:06:14","date_gmt":"2015-11-20T18:06:14","guid":{"rendered":"https:\/\/egassbarcelona.com\/ca\/producto\/nau\/"},"modified":"2021-12-08T18:48:04","modified_gmt":"2021-12-08T17:48:04","slug":"nau","status":"publish","type":"product","link":"https:\/\/egassbarcelona.com\/ca\/producte\/nau\/","title":{"rendered":"NAU"},"content":{"rendered":"<p>&nbsp;<\/p>\n<p style=\"text-align: justify;\">Collaret llarg dissenyat en forma de ra\u00efm amb peces de resina i cord\u00f3 de cot\u00f3 gruixut. Fet a m\u00e0.<\/p>\n<p style=\"text-align: justify;\">Disponible en gris i vermell.<\/p>\n<p style=\"text-align: justify;\">Disponible en\u00a0diferents talles.<\/p>\n","protected":false},"excerpt":{"rendered":"<p style=\"text-align: justify;\">Collaret llarg dissenyat en forma de ra\u00efm amb peces de resina i cord\u00f3 de cot\u00f3 gruixut. Fet a m\u00e0.<\/p>\n<p style=\"text-align: justify;\">Disponible en gris i vermell.<\/p>\n<p style=\"text-align: justify;\">Disponible en\u00a0diferents talles.<\/p>\n<p><a href=\"https:\/\/egassbarcelona.com\/ca\/talles\/\" target=\"_blank\" rel=\"noopener\">Taula de talles<\/a><\/p>\n","protected":false},"featured_media":21974,"comment_status":"closed","ping_status":"closed","template":"","meta":{"_seopress_robots_primary_cat":"0","_seopress_titles_title":"","_seopress_titles_desc":"","_seopress_robots_index":""},"product_brand":[],"product_cat":[81],"product_tag":[449,196,462,297],"class_list":{"0":"post-3326","1":"product","2":"type-product","3":"status-publish","4":"has-post-thumbnail","6":"product_cat-collarets","7":"product_tag-cordo-de-coto","8":"product_tag-fet-a-ma","9":"product_tag-resina-ca","10":"product_tag-resines","11":"pa_color-gris-ca-2","12":"pa_color-vermell-ca","13":"pa_talla-l-ca","14":"pa_talla-m-ca","15":"pa_talla-s-ca","17":"first","18":"instock","19":"taxable","20":"shipping-taxable","21":"purchasable","22":"product-type-variable","23":"has-default-attributes"},"_links":{"self":[{"href":"https:\/\/egassbarcelona.com\/ca\/wp-json\/wp\/v2\/product\/3326","targetHints":{"allow":["GET"]}}],"collection":[{"href":"https:\/\/egassbarcelona.com\/ca\/wp-json\/wp\/v2\/product"}],"about":[{"href":"https:\/\/egassbarcelona.com\/ca\/wp-json\/wp\/v2\/types\/product"}],"replies":[{"embeddable":true,"href":"https:\/\/egassbarcelona.com\/ca\/wp-json\/wp\/v2\/comments?post=3326"}],"wp:featuredmedia":[{"embeddable":true,"href":"https:\/\/egassbarcelona.com\/ca\/wp-json\/wp\/v2\/media\/21974"}],"wp:attachment":[{"href":"https:\/\/egassbarcelona.com\/ca\/wp-json\/wp\/v2\/media?parent=3326"}],"wp:term":[{"taxonomy":"product_brand","embeddable":true,"href":"https:\/\/egassbarcelona.com\/ca\/wp-json\/wp\/v2\/product_brand?post=3326"},{"taxonomy":"product_cat","embeddable":true,"href":"https:\/\/egassbarcelona.com\/ca\/wp-json\/wp\/v2\/product_cat?post=3326"},{"taxonomy":"product_tag","embeddable":true,"href":"https:\/\/egassbarcelona.com\/ca\/wp-json\/wp\/v2\/product_tag?post=3326"}],"curies":[{"name":"wp","href":"https:\/\/api.w.org\/{rel}","templated":true}]}}