{"id":3313,"date":"2015-11-20T19:13:37","date_gmt":"2015-11-20T18:13:37","guid":{"rendered":"https:\/\/egassbarcelona.com\/ca\/producto\/olivia\/"},"modified":"2021-12-08T18:52:16","modified_gmt":"2021-12-08T17:52:16","slug":"olivia","status":"publish","type":"product","link":"https:\/\/egassbarcelona.com\/ca\/producte\/olivia\/","title":{"rendered":"OLIVIA"},"content":{"rendered":"<p>Collaret curt de cot\u00f3 gruixut amb pe\u00e7a en forma d&#8217;oliva de zamak. Tanca amb cadena per ajustar la mida. Fet a m\u00e0.<\/p>\n<p>Disponible en rosa maduixa, negre i en diverses talles.<\/p>\n","protected":false},"excerpt":{"rendered":"<p>Collaret curt de cot\u00f3 gruixut amb pe\u00e7a en forma d&#8217;oliva de zamak banyada amb plata. Tanca amb cadena per ajustar la mida. Fet a m\u00e0.<\/p>\n<p>Disponible en rosa maduixa i negre.<\/p>\n<p>Disponible en diferents talles.<br \/>\n<a href=\"https:\/\/egassbarcelona.com\/ca\/talles\/\" target=\"_blank\" rel=\"noopener\">Taula de talles<\/a><\/p>\n","protected":false},"featured_media":21985,"comment_status":"closed","ping_status":"closed","template":"","meta":{"_seopress_robots_primary_cat":"0","_seopress_titles_title":"","_seopress_titles_desc":"","_seopress_robots_index":""},"product_brand":[],"product_cat":[844],"product_tag":[200,196,171],"class_list":{"0":"post-3313","1":"product","2":"type-product","3":"status-publish","4":"has-post-thumbnail","6":"product_cat-altres-colleccions-collarets","7":"product_tag-coto","8":"product_tag-fet-a-ma","9":"product_tag-zamak-ca","10":"pa_color-maduixa-ca","11":"pa_color-negre-ca-2","12":"pa_talla-l-ca","13":"pa_talla-m-ca","15":"first","16":"instock","17":"taxable","18":"shipping-taxable","19":"purchasable","20":"product-type-variable","21":"has-default-attributes"},"_links":{"self":[{"href":"https:\/\/egassbarcelona.com\/ca\/wp-json\/wp\/v2\/product\/3313","targetHints":{"allow":["GET"]}}],"collection":[{"href":"https:\/\/egassbarcelona.com\/ca\/wp-json\/wp\/v2\/product"}],"about":[{"href":"https:\/\/egassbarcelona.com\/ca\/wp-json\/wp\/v2\/types\/product"}],"replies":[{"embeddable":true,"href":"https:\/\/egassbarcelona.com\/ca\/wp-json\/wp\/v2\/comments?post=3313"}],"wp:featuredmedia":[{"embeddable":true,"href":"https:\/\/egassbarcelona.com\/ca\/wp-json\/wp\/v2\/media\/21985"}],"wp:attachment":[{"href":"https:\/\/egassbarcelona.com\/ca\/wp-json\/wp\/v2\/media?parent=3313"}],"wp:term":[{"taxonomy":"product_brand","embeddable":true,"href":"https:\/\/egassbarcelona.com\/ca\/wp-json\/wp\/v2\/product_brand?post=3313"},{"taxonomy":"product_cat","embeddable":true,"href":"https:\/\/egassbarcelona.com\/ca\/wp-json\/wp\/v2\/product_cat?post=3313"},{"taxonomy":"product_tag","embeddable":true,"href":"https:\/\/egassbarcelona.com\/ca\/wp-json\/wp\/v2\/product_tag?post=3313"}],"curies":[{"name":"wp","href":"https:\/\/api.w.org\/{rel}","templated":true}]}}