{"id":3306,"date":"2015-11-20T20:40:52","date_gmt":"2015-11-20T19:40:52","guid":{"rendered":"https:\/\/egassbarcelona.com\/ca\/producto\/sol-noche\/"},"modified":"2021-12-08T18:55:13","modified_gmt":"2021-12-08T17:55:13","slug":"lluna-2","status":"publish","type":"product","link":"https:\/\/egassbarcelona.com\/ca\/producte\/lluna-2\/","title":{"rendered":"LLUNA"},"content":{"rendered":"<p>Collaret curt amb pe\u00e7a en forma de lluna plena i anella de cristall tallat en el centre, perla de riu natural, fil de cot\u00f3. Tanca de zamak i cadena per ajustar la mida. Fet a m\u00e0.<\/p>\n<p>Disponible en diverses talles.<\/p>\n","protected":false},"excerpt":{"rendered":"<p>Collaret curt amb pe\u00e7a en forma de lluna plena i anella de cristall tallat en el centre, perla de riu natural, fil de cot\u00f3. Tanca de zamak i cadena per ajustar la mida. Fet a m\u00e0.<\/p>\n<p>Disponible en diverses talles.<\/p>\n<p><a href=\"https:\/\/egassbarcelona.com\/ca\/talles\/\" target=\"_blank\" rel=\"noopener noreferrer\">Taula de talles<\/a><\/p>\n","protected":false},"featured_media":22009,"comment_status":"closed","ping_status":"closed","template":"","meta":{"_seopress_robots_primary_cat":"844","_seopress_titles_title":"","_seopress_titles_desc":"","_seopress_robots_index":""},"product_brand":[],"product_cat":[844],"product_tag":[196,466],"class_list":{"0":"post-3306","1":"product","2":"type-product","3":"status-publish","4":"has-post-thumbnail","6":"product_cat-altres-colleccions-collarets","7":"product_tag-fet-a-ma","8":"product_tag-zamak-vidre-tallat","9":"pa_talla-l-ca","10":"pa_talla-m-ca","11":"pa_talla-s-ca","13":"first","14":"instock","15":"taxable","16":"shipping-taxable","17":"purchasable","18":"product-type-variable","19":"has-default-attributes"},"_links":{"self":[{"href":"https:\/\/egassbarcelona.com\/ca\/wp-json\/wp\/v2\/product\/3306","targetHints":{"allow":["GET"]}}],"collection":[{"href":"https:\/\/egassbarcelona.com\/ca\/wp-json\/wp\/v2\/product"}],"about":[{"href":"https:\/\/egassbarcelona.com\/ca\/wp-json\/wp\/v2\/types\/product"}],"replies":[{"embeddable":true,"href":"https:\/\/egassbarcelona.com\/ca\/wp-json\/wp\/v2\/comments?post=3306"}],"wp:featuredmedia":[{"embeddable":true,"href":"https:\/\/egassbarcelona.com\/ca\/wp-json\/wp\/v2\/media\/22009"}],"wp:attachment":[{"href":"https:\/\/egassbarcelona.com\/ca\/wp-json\/wp\/v2\/media?parent=3306"}],"wp:term":[{"taxonomy":"product_brand","embeddable":true,"href":"https:\/\/egassbarcelona.com\/ca\/wp-json\/wp\/v2\/product_brand?post=3306"},{"taxonomy":"product_cat","embeddable":true,"href":"https:\/\/egassbarcelona.com\/ca\/wp-json\/wp\/v2\/product_cat?post=3306"},{"taxonomy":"product_tag","embeddable":true,"href":"https:\/\/egassbarcelona.com\/ca\/wp-json\/wp\/v2\/product_tag?post=3306"}],"curies":[{"name":"wp","href":"https:\/\/api.w.org\/{rel}","templated":true}]}}