{"id":3296,"date":"2015-11-20T11:44:06","date_gmt":"2015-11-20T10:44:06","guid":{"rendered":"https:\/\/egassbarcelona.com\/ca\/producto\/cecilia\/"},"modified":"2021-12-08T18:02:08","modified_gmt":"2021-12-08T17:02:08","slug":"cecilia","status":"publish","type":"product","link":"https:\/\/egassbarcelona.com\/ca\/producte\/cecilia\/","title":{"rendered":"CEC\u00cdLIA"},"content":{"rendered":"<p style=\"text-align: justify;\">Collaret llarg \u00a0amb pe\u00e7a gris central de resina, minerals, abaloris i tanca de zamak. Fil de cot\u00f3 amb boles petites entrella\u00e7ades banyades en plata i cadena per ajustar la mida. Fet a m\u00e0.<\/p>\n<p style=\"text-align: justify;\">Disponible en diverses talles.<\/p>\n","protected":false},"excerpt":{"rendered":"<p>Collaret llarg \u00a0amb pe\u00e7a gris central de resina, minerals, abaloris i tanca de zamak amb bany de plata. Fil de cot\u00f3 amb boles petites entrella\u00e7ades banyades en plata i cadena per ajustar la mida.<br \/>\nFet a m\u00e0.<br \/>\nTalla: S: 50-51 cm |\u00a0M: 52-53 cm \u00a0|\u00a0L: 54-55 cm\u00a0<\/p>\n","protected":false},"featured_media":21838,"comment_status":"closed","ping_status":"closed","template":"","meta":{"_seopress_robots_primary_cat":"81","_seopress_titles_title":"","_seopress_titles_desc":"","_seopress_robots_index":""},"product_brand":[],"product_cat":[81],"product_tag":[196,278,176,297],"class_list":{"0":"post-3296","1":"product","2":"type-product","3":"status-publish","4":"has-post-thumbnail","6":"product_cat-collarets","7":"product_tag-fet-a-ma","8":"product_tag-fil-de-coto","9":"product_tag-minerals","10":"product_tag-resines","11":"pa_talla-l-ca","12":"pa_talla-m-ca","13":"pa_talla-s-ca","15":"first","16":"instock","17":"taxable","18":"shipping-taxable","19":"purchasable","20":"product-type-variable","21":"has-default-attributes"},"_links":{"self":[{"href":"https:\/\/egassbarcelona.com\/ca\/wp-json\/wp\/v2\/product\/3296","targetHints":{"allow":["GET"]}}],"collection":[{"href":"https:\/\/egassbarcelona.com\/ca\/wp-json\/wp\/v2\/product"}],"about":[{"href":"https:\/\/egassbarcelona.com\/ca\/wp-json\/wp\/v2\/types\/product"}],"replies":[{"embeddable":true,"href":"https:\/\/egassbarcelona.com\/ca\/wp-json\/wp\/v2\/comments?post=3296"}],"wp:featuredmedia":[{"embeddable":true,"href":"https:\/\/egassbarcelona.com\/ca\/wp-json\/wp\/v2\/media\/21838"}],"wp:attachment":[{"href":"https:\/\/egassbarcelona.com\/ca\/wp-json\/wp\/v2\/media?parent=3296"}],"wp:term":[{"taxonomy":"product_brand","embeddable":true,"href":"https:\/\/egassbarcelona.com\/ca\/wp-json\/wp\/v2\/product_brand?post=3296"},{"taxonomy":"product_cat","embeddable":true,"href":"https:\/\/egassbarcelona.com\/ca\/wp-json\/wp\/v2\/product_cat?post=3296"},{"taxonomy":"product_tag","embeddable":true,"href":"https:\/\/egassbarcelona.com\/ca\/wp-json\/wp\/v2\/product_tag?post=3296"}],"curies":[{"name":"wp","href":"https:\/\/api.w.org\/{rel}","templated":true}]}}