{"id":3293,"date":"2015-12-06T18:46:59","date_gmt":"2015-12-06T17:46:59","guid":{"rendered":"https:\/\/egassbarcelona.com\/ca\/producto\/conjunto\/"},"modified":"2021-12-08T18:45:54","modified_gmt":"2021-12-08T17:45:54","slug":"conjunto","status":"publish","type":"product","link":"https:\/\/egassbarcelona.com\/ca\/producte\/conjunto\/","title":{"rendered":"CONJUNT CEC\u00cdLIA"},"content":{"rendered":"<p style=\"text-align: justify;\">Collaret llarg \u00a0amb pe\u00e7a gris central de resina, minerals, abaloris i tanca de zamak amb bany color plata. Fil de cot\u00f3 amb boles petites entrella\u00e7ades banyades en plata i cadena per ajustar la mida.<\/p>\n<p style=\"text-align: justify;\">Arracades llargues de zamak, resines i minerals. Fet a m\u00e0.<\/p>\n<p style=\"text-align: justify;\">Disponible en diverses talles.<\/p>\n","protected":false},"excerpt":{"rendered":"<p style=\"text-align: justify;\">Collaret llarg \u00a0amb pe\u00e7a gris central de resina, minerals, abaloris i tanca de zamak amb bany de plata. Fil de cot\u00f3 amb boles petites entrella\u00e7ades banyades en plata i cadena per ajustar la mida.<\/p>\n<p style=\"text-align: justify;\">Arracades llargues de zamak, resines i minerals. Fet a m\u00e0.<\/p>\n<p style=\"text-align: justify;\">Disponible en diverses talles.<\/p>\n<p><a href=\"https:\/\/egassbarcelona.com\/ca\/talles\/\" target=\"_blank\" rel=\"noopener\">Taula de talles<\/a><\/p>\n","protected":false},"featured_media":22322,"comment_status":"closed","ping_status":"closed","template":"","meta":{"_seopress_robots_primary_cat":"0","_seopress_titles_title":"","_seopress_titles_desc":"","_seopress_robots_index":""},"product_brand":[],"product_cat":[151],"product_tag":[298,196,176,297,282],"class_list":{"0":"post-3293","1":"product","2":"type-product","3":"status-publish","4":"has-post-thumbnail","6":"product_cat-conjunts","7":"product_tag-conjunt-collaret-i-arracades","8":"product_tag-fet-a-ma","9":"product_tag-minerals","10":"product_tag-resines","11":"product_tag-zamak-amb-bany-de-plata","13":"first","14":"instock","15":"taxable","16":"shipping-taxable","17":"purchasable","18":"product-type-simple"},"_links":{"self":[{"href":"https:\/\/egassbarcelona.com\/ca\/wp-json\/wp\/v2\/product\/3293","targetHints":{"allow":["GET"]}}],"collection":[{"href":"https:\/\/egassbarcelona.com\/ca\/wp-json\/wp\/v2\/product"}],"about":[{"href":"https:\/\/egassbarcelona.com\/ca\/wp-json\/wp\/v2\/types\/product"}],"replies":[{"embeddable":true,"href":"https:\/\/egassbarcelona.com\/ca\/wp-json\/wp\/v2\/comments?post=3293"}],"wp:featuredmedia":[{"embeddable":true,"href":"https:\/\/egassbarcelona.com\/ca\/wp-json\/wp\/v2\/media\/22322"}],"wp:attachment":[{"href":"https:\/\/egassbarcelona.com\/ca\/wp-json\/wp\/v2\/media?parent=3293"}],"wp:term":[{"taxonomy":"product_brand","embeddable":true,"href":"https:\/\/egassbarcelona.com\/ca\/wp-json\/wp\/v2\/product_brand?post=3293"},{"taxonomy":"product_cat","embeddable":true,"href":"https:\/\/egassbarcelona.com\/ca\/wp-json\/wp\/v2\/product_cat?post=3293"},{"taxonomy":"product_tag","embeddable":true,"href":"https:\/\/egassbarcelona.com\/ca\/wp-json\/wp\/v2\/product_tag?post=3293"}],"curies":[{"name":"wp","href":"https:\/\/api.w.org\/{rel}","templated":true}]}}