{"id":3248,"date":"2015-11-20T19:22:55","date_gmt":"2015-11-20T18:22:55","guid":{"rendered":"https:\/\/egassbarcelona.com\/ca\/producto\/sol-dorado\/"},"modified":"2021-12-08T18:53:59","modified_gmt":"2021-12-08T17:53:59","slug":"sol-dorado-ca","status":"publish","type":"product","link":"https:\/\/egassbarcelona.com\/ca\/producte\/sol-dorado-ca\/","title":{"rendered":"Sol"},"content":{"rendered":"<p style=\"text-align: justify;\">Collaret curt daurat amb pe\u00e7a en forma de sol i anell de cristall tallat en el centre, perles de riu, fil de cot\u00f3 i tanca de zamak. Fet a m\u00e0.<\/p>\n<p style=\"text-align: justify;\">Disponible en v\u00e0ries talles.<\/p>\n","protected":false},"excerpt":{"rendered":"<p>Collaret curt daurat amb pe\u00e7a en forma de sol i anell de cristall tallat en el centre, perles de riu, fil de cot\u00f3 i tanca de zamak. Fet a m\u00e0.<\/p>\n<p>Disponible en v\u00e0ries talles.<br \/>\n<a href=\"https:\/\/egassbarcelona.com\/tallas\/\" target=\"_blank\" rel=\"noopener noreferrer\">Taula de talles<\/a><\/p>\n","protected":false},"featured_media":21995,"comment_status":"closed","ping_status":"closed","template":"","meta":{"_seopress_robots_primary_cat":"844","_seopress_titles_title":"","_seopress_titles_desc":"","_seopress_robots_index":""},"product_brand":[],"product_cat":[844],"product_tag":[240,196,171],"class_list":{"0":"post-3248","1":"product","2":"type-product","3":"status-publish","4":"has-post-thumbnail","6":"product_cat-altres-colleccions-collarets","7":"product_tag-cristall-tallat","8":"product_tag-fet-a-ma","9":"product_tag-zamak-ca","10":"pa_talla-l-ca","11":"pa_talla-m-ca","12":"pa_talla-s-ca","14":"first","15":"instock","16":"taxable","17":"shipping-taxable","18":"purchasable","19":"product-type-variable","20":"has-default-attributes"},"_links":{"self":[{"href":"https:\/\/egassbarcelona.com\/ca\/wp-json\/wp\/v2\/product\/3248","targetHints":{"allow":["GET"]}}],"collection":[{"href":"https:\/\/egassbarcelona.com\/ca\/wp-json\/wp\/v2\/product"}],"about":[{"href":"https:\/\/egassbarcelona.com\/ca\/wp-json\/wp\/v2\/types\/product"}],"replies":[{"embeddable":true,"href":"https:\/\/egassbarcelona.com\/ca\/wp-json\/wp\/v2\/comments?post=3248"}],"wp:featuredmedia":[{"embeddable":true,"href":"https:\/\/egassbarcelona.com\/ca\/wp-json\/wp\/v2\/media\/21995"}],"wp:attachment":[{"href":"https:\/\/egassbarcelona.com\/ca\/wp-json\/wp\/v2\/media?parent=3248"}],"wp:term":[{"taxonomy":"product_brand","embeddable":true,"href":"https:\/\/egassbarcelona.com\/ca\/wp-json\/wp\/v2\/product_brand?post=3248"},{"taxonomy":"product_cat","embeddable":true,"href":"https:\/\/egassbarcelona.com\/ca\/wp-json\/wp\/v2\/product_cat?post=3248"},{"taxonomy":"product_tag","embeddable":true,"href":"https:\/\/egassbarcelona.com\/ca\/wp-json\/wp\/v2\/product_tag?post=3248"}],"curies":[{"name":"wp","href":"https:\/\/api.w.org\/{rel}","templated":true}]}}