{"id":3192,"date":"2015-11-22T22:09:37","date_gmt":"2015-11-22T21:09:37","guid":{"rendered":"https:\/\/egassbarcelona.com\/ca\/producto\/cecilia-2\/"},"modified":"2025-11-25T13:18:45","modified_gmt":"2025-11-25T12:18:45","slug":"cecilia-2","status":"publish","type":"product","link":"https:\/\/egassbarcelona.com\/ca\/producte\/cecilia-2\/","title":{"rendered":"Cec\u00edlia A"},"content":{"rendered":"<p>Arracades elaborades a m\u00e0 amb un disseny lleuger i elegant que combina zamak banyat en plata amb delicats comptes transparents en tons fum. La pe\u00e7a protagonista \u00e9s una \u00e0gata grisa fosc, que aporta profunditat i un contrast sofisticat.<x id=\"gid_0\"><\/x>Pots triar entre tancament est\u00e0ndard per a orelles perforades o tancament de clip, pensat per als que busquen comoditat sense perforaci\u00f3. Un accessori vers\u00e0til que suma estil tant en looks quotidians com en ocasions especials.  <\/p>\n","protected":false},"excerpt":{"rendered":"<p>Arracades artesanals de zamak banyat en plata amb comptes en tons fum i una pe\u00e7a final d&#8217;\u00e0gata grisa fosc. Disponibles amb tancament est\u00e0ndard o tancament de clip. <\/p>\n","protected":false},"featured_media":22216,"comment_status":"closed","ping_status":"closed","template":"","meta":{"_seopress_robots_primary_cat":"0","_seopress_titles_title":"","_seopress_titles_desc":"","_seopress_robots_index":""},"product_brand":[],"product_cat":[149],"product_tag":[967,201,196,297,171],"class_list":{"0":"post-3192","1":"product","2":"type-product","3":"status-publish","4":"has-post-thumbnail","6":"product_cat-arracades","7":"product_tag-arracadas-de-clip","8":"product_tag-arracades","9":"product_tag-fet-a-ma","10":"product_tag-resines","11":"product_tag-zamak-ca","12":"pa_cierre-clip-ca","13":"pa_cierre-estandard","15":"first","16":"instock","17":"taxable","18":"shipping-taxable","19":"purchasable","20":"product-type-variable","21":"has-default-attributes"},"_links":{"self":[{"href":"https:\/\/egassbarcelona.com\/ca\/wp-json\/wp\/v2\/product\/3192","targetHints":{"allow":["GET"]}}],"collection":[{"href":"https:\/\/egassbarcelona.com\/ca\/wp-json\/wp\/v2\/product"}],"about":[{"href":"https:\/\/egassbarcelona.com\/ca\/wp-json\/wp\/v2\/types\/product"}],"replies":[{"embeddable":true,"href":"https:\/\/egassbarcelona.com\/ca\/wp-json\/wp\/v2\/comments?post=3192"}],"wp:featuredmedia":[{"embeddable":true,"href":"https:\/\/egassbarcelona.com\/ca\/wp-json\/wp\/v2\/media\/22216"}],"wp:attachment":[{"href":"https:\/\/egassbarcelona.com\/ca\/wp-json\/wp\/v2\/media?parent=3192"}],"wp:term":[{"taxonomy":"product_brand","embeddable":true,"href":"https:\/\/egassbarcelona.com\/ca\/wp-json\/wp\/v2\/product_brand?post=3192"},{"taxonomy":"product_cat","embeddable":true,"href":"https:\/\/egassbarcelona.com\/ca\/wp-json\/wp\/v2\/product_cat?post=3192"},{"taxonomy":"product_tag","embeddable":true,"href":"https:\/\/egassbarcelona.com\/ca\/wp-json\/wp\/v2\/product_tag?post=3192"}],"curies":[{"name":"wp","href":"https:\/\/api.w.org\/{rel}","templated":true}]}}