{"id":3176,"date":"2015-11-22T22:39:30","date_gmt":"2015-11-22T21:39:30","guid":{"rendered":"https:\/\/egassbarcelona.com\/ca\/producto\/marta\/"},"modified":"2025-10-21T16:56:28","modified_gmt":"2025-10-21T14:56:28","slug":"marta","status":"publish","type":"product","link":"https:\/\/egassbarcelona.com\/ca\/producte\/marta\/","title":{"rendered":"Marta"},"content":{"rendered":"","protected":false},"excerpt":{"rendered":"<p>Arracades llargues d&#8217;ant\u00a0i zamak banyat en plata amb pe\u00e7a rodona foradada al centre.<br \/>\nHi ha l&#8217;opci\u00f3 de tancament de clip, per a orella sense perforaci\u00f3, o l&#8217;opci\u00f3 est\u00e0ndard per a orella perforada.<br \/>\nDisponible en diferents colors.<br \/>\nFet a m\u00e0.<br \/>\nLlargada : TS. 5 cm TM: 7 cm<\/p>\n","protected":false},"featured_media":22248,"comment_status":"closed","ping_status":"closed","template":"","meta":{"_seopress_robots_primary_cat":"149","_seopress_titles_title":"","_seopress_titles_desc":"","_seopress_robots_index":""},"product_brand":[],"product_cat":[149,510],"product_tag":[967,201,196,171],"class_list":{"0":"post-3176","1":"product","2":"type-product","3":"status-publish","4":"has-post-thumbnail","6":"product_cat-arracades","7":"product_cat-novetats","8":"product_tag-arracadas-de-clip","9":"product_tag-arracades","10":"product_tag-fet-a-ma","11":"product_tag-zamak-ca","12":"pa_cierre-clip-ca","13":"pa_cierre-estandard","14":"pa_color-blau-ca","15":"pa_color-gris-ca-2","16":"pa_color-marro-ca","17":"pa_color-vermell-burdeus-ca","18":"pa_talla-m-ca","19":"pa_talla-s-ca","21":"first","22":"instock","23":"taxable","24":"shipping-taxable","25":"purchasable","26":"product-type-variable","27":"has-default-attributes"},"_links":{"self":[{"href":"https:\/\/egassbarcelona.com\/ca\/wp-json\/wp\/v2\/product\/3176","targetHints":{"allow":["GET"]}}],"collection":[{"href":"https:\/\/egassbarcelona.com\/ca\/wp-json\/wp\/v2\/product"}],"about":[{"href":"https:\/\/egassbarcelona.com\/ca\/wp-json\/wp\/v2\/types\/product"}],"replies":[{"embeddable":true,"href":"https:\/\/egassbarcelona.com\/ca\/wp-json\/wp\/v2\/comments?post=3176"}],"wp:featuredmedia":[{"embeddable":true,"href":"https:\/\/egassbarcelona.com\/ca\/wp-json\/wp\/v2\/media\/22248"}],"wp:attachment":[{"href":"https:\/\/egassbarcelona.com\/ca\/wp-json\/wp\/v2\/media?parent=3176"}],"wp:term":[{"taxonomy":"product_brand","embeddable":true,"href":"https:\/\/egassbarcelona.com\/ca\/wp-json\/wp\/v2\/product_brand?post=3176"},{"taxonomy":"product_cat","embeddable":true,"href":"https:\/\/egassbarcelona.com\/ca\/wp-json\/wp\/v2\/product_cat?post=3176"},{"taxonomy":"product_tag","embeddable":true,"href":"https:\/\/egassbarcelona.com\/ca\/wp-json\/wp\/v2\/product_tag?post=3176"}],"curies":[{"name":"wp","href":"https:\/\/api.w.org\/{rel}","templated":true}]}}