{"id":3019,"date":"2015-11-22T21:34:58","date_gmt":"2015-11-22T20:34:58","guid":{"rendered":"https:\/\/egassbarcelona.com\/ca\/producto\/rosa-rafia\/"},"modified":"2021-12-08T19:16:13","modified_gmt":"2021-12-08T18:16:13","slug":"rosa-rafia","status":"publish","type":"product","link":"https:\/\/egassbarcelona.com\/ca\/producte\/rosa-rafia\/","title":{"rendered":"ROSA R\u00c0FIA"},"content":{"rendered":"<p style=\"margin-bottom: 18.0pt; text-align: justify;\"><span style=\"font-family: 'Georgia',serif; color: #444444;\">Polsera de r\u00e0fia trenada blava i pe\u00e7a de zamak en forma de rosa amb perla al centre. Tanca de imant tamb\u00e9 de zamak.<\/span><\/p>\n<p style=\"text-align: justify;\"><span style=\"font-family: 'Georgia',serif; color: #444444;\"><span style=\"font-size: 11.5pt; font-family: 'Georgia',serif; color: #444444;\">Disponible en varies talles.<\/span><\/span><\/p>\n","protected":false},"excerpt":{"rendered":"<p style=\"margin-bottom: 18.0pt; text-align: justify;\"><span style=\"font-family: 'Georgia',serif; color: #444444;\">Polsera de r\u00e0fia trenada blava i pe\u00e7a de zamak en forma de rosa amb perla al centre. Tanca de imant tamb\u00e9 de zamak.<\/span><\/p>\n<p style=\"text-align: justify;\"><span style=\"font-family: 'Georgia',serif; color: #444444;\"><span style=\"font-size: 11.5pt; font-family: 'Georgia',serif; color: #444444;\">Disponible en varies talles.<\/span><\/span><\/p>\n<p><a href=\"https:\/\/egassbarcelona.com\/ca\/talles\/\" target=\"_blank\" rel=\"noopener\">Taula de talles<\/a><\/p>\n","protected":false},"featured_media":22188,"comment_status":"closed","ping_status":"closed","template":"","meta":{"_seopress_robots_primary_cat":"0","_seopress_titles_title":"","_seopress_titles_desc":"","_seopress_robots_index":""},"product_brand":[],"product_cat":[733],"product_tag":[196,171],"class_list":{"0":"post-3019","1":"product","2":"type-product","3":"status-publish","4":"has-post-thumbnail","6":"product_cat-models-esgotats","7":"product_tag-fet-a-ma","8":"product_tag-zamak-ca","9":"pa_color-blau-ca","10":"pa_talla-l-ca","11":"pa_talla-m-ca","12":"pa_talla-s-ca","13":"pa_talla-xs-ca","15":"first","16":"outofstock","17":"taxable","18":"shipping-taxable","19":"purchasable","20":"product-type-variable","21":"has-default-attributes"},"_links":{"self":[{"href":"https:\/\/egassbarcelona.com\/ca\/wp-json\/wp\/v2\/product\/3019","targetHints":{"allow":["GET"]}}],"collection":[{"href":"https:\/\/egassbarcelona.com\/ca\/wp-json\/wp\/v2\/product"}],"about":[{"href":"https:\/\/egassbarcelona.com\/ca\/wp-json\/wp\/v2\/types\/product"}],"replies":[{"embeddable":true,"href":"https:\/\/egassbarcelona.com\/ca\/wp-json\/wp\/v2\/comments?post=3019"}],"wp:featuredmedia":[{"embeddable":true,"href":"https:\/\/egassbarcelona.com\/ca\/wp-json\/wp\/v2\/media\/22188"}],"wp:attachment":[{"href":"https:\/\/egassbarcelona.com\/ca\/wp-json\/wp\/v2\/media?parent=3019"}],"wp:term":[{"taxonomy":"product_brand","embeddable":true,"href":"https:\/\/egassbarcelona.com\/ca\/wp-json\/wp\/v2\/product_brand?post=3019"},{"taxonomy":"product_cat","embeddable":true,"href":"https:\/\/egassbarcelona.com\/ca\/wp-json\/wp\/v2\/product_cat?post=3019"},{"taxonomy":"product_tag","embeddable":true,"href":"https:\/\/egassbarcelona.com\/ca\/wp-json\/wp\/v2\/product_tag?post=3019"}],"curies":[{"name":"wp","href":"https:\/\/api.w.org\/{rel}","templated":true}]}}