{"id":3016,"date":"2015-11-22T21:40:10","date_gmt":"2015-11-22T20:40:10","guid":{"rendered":"https:\/\/egassbarcelona.com\/ca\/producto\/rosa-piel\/"},"modified":"2021-12-08T19:14:40","modified_gmt":"2021-12-08T18:14:40","slug":"rosa-piel","status":"publish","type":"product","link":"https:\/\/egassbarcelona.com\/ca\/producte\/rosa-piel\/","title":{"rendered":"ROSA\/PELL"},"content":{"rendered":"<p style=\"margin-bottom: 18.0pt; text-align: justify;\"><span style=\"font-family: 'Georgia',serif; color: #444444;\">Polsera de pell marr\u00f3 i pe\u00e7a de zamak en forma de rosa amb perla al centre. Tanca de imant tamb\u00e9 de zamak.<\/span><\/p>\n<p style=\"text-align: justify;\"><span style=\"font-family: 'Georgia',serif; color: #444444;\">Disponible en\u00a0beix i marr\u00f3 i en\u00a0diverses talles.<\/span><\/p>\n<p style=\"text-align: justify;\">\u00a0<\/p>\n","protected":false},"excerpt":{"rendered":"<p style=\"margin-bottom: 18.0pt; text-align: justify;\"><span style=\"font-family: 'Georgia',serif; color: #444444;\">Polsera de pell marr\u00f3 i pe\u00e7a de zamak en forma de rosa amb perla al centre. Tanca de imant tamb\u00e9 de zamak.<\/span><\/p>\n<p style=\"text-align: justify;\"><span style=\"font-family: 'Georgia',serif; color: #444444;\">Disponible en\u00a0beix i marr\u00f3 i en\u00a0diverses talles.<\/span><\/p>\n<p><a href=\"https:\/\/egassbarcelona.com\/ca\/talles\/\" target=\"_blank\" rel=\"noopener\">Taula de talles<\/a><\/p>\n","protected":false},"featured_media":22197,"comment_status":"closed","ping_status":"closed","template":"","meta":{"_seopress_robots_primary_cat":"0","_seopress_titles_title":"","_seopress_titles_desc":"","_seopress_robots_index":""},"product_brand":[],"product_cat":[733],"product_tag":[196,228,199,171],"class_list":{"0":"post-3016","1":"product","2":"type-product","3":"status-publish","4":"has-post-thumbnail","6":"product_cat-models-esgotats","7":"product_tag-fet-a-ma","8":"product_tag-pell","9":"product_tag-tanca-dimant","10":"product_tag-zamak-ca","11":"pa_color-beix-ca","12":"pa_color-marro-ca","13":"pa_talla-m-ca","14":"pa_talla-s-ca","15":"pa_talla-xs-ca","17":"first","18":"outofstock","19":"taxable","20":"shipping-taxable","21":"purchasable","22":"product-type-variable","23":"has-default-attributes"},"_links":{"self":[{"href":"https:\/\/egassbarcelona.com\/ca\/wp-json\/wp\/v2\/product\/3016","targetHints":{"allow":["GET"]}}],"collection":[{"href":"https:\/\/egassbarcelona.com\/ca\/wp-json\/wp\/v2\/product"}],"about":[{"href":"https:\/\/egassbarcelona.com\/ca\/wp-json\/wp\/v2\/types\/product"}],"replies":[{"embeddable":true,"href":"https:\/\/egassbarcelona.com\/ca\/wp-json\/wp\/v2\/comments?post=3016"}],"wp:featuredmedia":[{"embeddable":true,"href":"https:\/\/egassbarcelona.com\/ca\/wp-json\/wp\/v2\/media\/22197"}],"wp:attachment":[{"href":"https:\/\/egassbarcelona.com\/ca\/wp-json\/wp\/v2\/media?parent=3016"}],"wp:term":[{"taxonomy":"product_brand","embeddable":true,"href":"https:\/\/egassbarcelona.com\/ca\/wp-json\/wp\/v2\/product_brand?post=3016"},{"taxonomy":"product_cat","embeddable":true,"href":"https:\/\/egassbarcelona.com\/ca\/wp-json\/wp\/v2\/product_cat?post=3016"},{"taxonomy":"product_tag","embeddable":true,"href":"https:\/\/egassbarcelona.com\/ca\/wp-json\/wp\/v2\/product_tag?post=3016"}],"curies":[{"name":"wp","href":"https:\/\/api.w.org\/{rel}","templated":true}]}}