{"id":2964,"date":"2015-11-30T09:51:34","date_gmt":"2015-11-30T08:51:34","guid":{"rendered":"https:\/\/egassbarcelona.com\/producto\/iziar\/?lang=ca"},"modified":"2021-12-08T18:59:54","modified_gmt":"2021-12-08T17:59:54","slug":"iziar","status":"publish","type":"product","link":"https:\/\/egassbarcelona.com\/ca\/producte\/iziar\/","title":{"rendered":"Itziar"},"content":{"rendered":"<p style=\"text-align: justify;\">Polsera <span class=\"hiddenGrammarError\">ample<\/span> amb tires cuir negre i tanca gran de <span class=\"hiddenSpellError\">zamak amb bany de plata.\u00a0<\/span>\u00a0Fet a m\u00e0.<\/p>\n<p>La polsera <span class=\"hiddenSpellError\">Itziar<\/span> s&#8217;ha d&#8217;ajustar d&#8217;una manera <span class=\"hiddenGrammarError\">c\u00f2mode<\/span> al canell. A difer\u00e8ncia de les nostres polseres, <span class=\"hiddenSpellError\">Itziar<\/span> \u00e9s una polsera dif\u00edcil de cordar. El nostre consell \u00e9s que fins que t&#8217;acostumis a botonar-la de forma aut\u00f2noma, demanis ajuda per aquesta operaci\u00f3.<\/p>\n<p>Disponible en diferents talles.<\/p>\n","protected":false},"excerpt":{"rendered":"<p>Polsera <span class=\"hiddenGrammarError\">ample<\/span> amb tires cuir negre i tanca gran de <span class=\"hiddenSpellError\">zamak<\/span>. Fet a m\u00e0.<\/p>\n<p>La polsera <span class=\"hiddenSpellError\">Itziar<\/span> s&#8217;ha d&#8217;ajustar d&#8217;una manera <span class=\"hiddenGrammarError\">c\u00f2mode<\/span> al canell. A difer\u00e8ncia de les nostres polseres, <span class=\"hiddenSpellError\">Itziar<\/span> \u00e9s una polsera dif\u00edcil de cordar. El nostre consell \u00e9s que fins que t&#8217;acostumis a botonar-la de forma aut\u00f2noma, demanis ajuda per aquesta operaci\u00f3.<\/p>\n<p>Disponible en diferents talles.<\/p>\n<p><span style=\"color: #993366; text-decoration: underline;\"><strong>\u00a0<a style=\"color: #993366; text-decoration: underline;\" href=\"https:\/\/egassbarcelona.com\/ca\/tallas\/\" target=\"_blank\" rel=\"noopener\">Taula de talles<\/a><\/strong><\/span><\/p>\n","protected":false},"featured_media":22283,"comment_status":"closed","ping_status":"closed","template":"","meta":{"_seopress_robots_primary_cat":"0","_seopress_titles_title":"","_seopress_titles_desc":"","_seopress_robots_index":""},"product_brand":[],"product_cat":[150],"product_tag":[195,196,282],"class_list":{"0":"post-2964","1":"product","2":"type-product","3":"status-publish","4":"has-post-thumbnail","6":"product_cat-polseres","7":"product_tag-cuir","8":"product_tag-fet-a-ma","9":"product_tag-zamak-amb-bany-de-plata","10":"pa_color-negre-ca-2","11":"pa_color-vermell-ca","12":"pa_talla-m-ca","13":"pa_talla-s-ca","15":"first","16":"instock","17":"taxable","18":"shipping-taxable","19":"purchasable","20":"product-type-variable","21":"has-default-attributes"},"_links":{"self":[{"href":"https:\/\/egassbarcelona.com\/ca\/wp-json\/wp\/v2\/product\/2964","targetHints":{"allow":["GET"]}}],"collection":[{"href":"https:\/\/egassbarcelona.com\/ca\/wp-json\/wp\/v2\/product"}],"about":[{"href":"https:\/\/egassbarcelona.com\/ca\/wp-json\/wp\/v2\/types\/product"}],"replies":[{"embeddable":true,"href":"https:\/\/egassbarcelona.com\/ca\/wp-json\/wp\/v2\/comments?post=2964"}],"wp:featuredmedia":[{"embeddable":true,"href":"https:\/\/egassbarcelona.com\/ca\/wp-json\/wp\/v2\/media\/22283"}],"wp:attachment":[{"href":"https:\/\/egassbarcelona.com\/ca\/wp-json\/wp\/v2\/media?parent=2964"}],"wp:term":[{"taxonomy":"product_brand","embeddable":true,"href":"https:\/\/egassbarcelona.com\/ca\/wp-json\/wp\/v2\/product_brand?post=2964"},{"taxonomy":"product_cat","embeddable":true,"href":"https:\/\/egassbarcelona.com\/ca\/wp-json\/wp\/v2\/product_cat?post=2964"},{"taxonomy":"product_tag","embeddable":true,"href":"https:\/\/egassbarcelona.com\/ca\/wp-json\/wp\/v2\/product_tag?post=2964"}],"curies":[{"name":"wp","href":"https:\/\/api.w.org\/{rel}","templated":true}]}}