{"id":2950,"date":"2015-11-29T00:30:00","date_gmt":"2015-11-28T23:30:00","guid":{"rendered":"https:\/\/egassbarcelona.com\/producto\/vicroria\/?lang=ca"},"modified":"2021-12-08T19:00:36","modified_gmt":"2021-12-08T18:00:36","slug":"victoria","status":"publish","type":"product","link":"https:\/\/egassbarcelona.com\/ca\/producte\/victoria\/","title":{"rendered":"Vict\u00f2ria"},"content":{"rendered":"<p>Polsera de cot\u00f3 realitzada amb una pe\u00e7a rectangular de zamak amb bany de plata i tanca d&#8217;imant del mateix material. Fet a m\u00e0.<\/p>\n<p>Disponible en diversos colors i talles.<\/p>\n","protected":false},"excerpt":{"rendered":"<p>Polsera de cot\u00f3 realitzada amb pe\u00e7a rectangular de zamak i tanca d&#8217;imant tamb\u00e9 de zamak. Fet a m\u00e0.<\/p>\n<p>Disponible en diversos colors i talles.<br \/>\n<span style=\"text-decoration: underline;\"><strong>\u00a0<a href=\"https:\/\/egassbarcelona.com\/ca\/talles\/\" target=\"_blank\" rel=\"noopener\">Taula de talles<\/a><\/strong><\/span><\/p>\n","protected":false},"featured_media":22277,"comment_status":"closed","ping_status":"closed","template":"","meta":{"_seopress_robots_primary_cat":"0","_seopress_titles_title":"","_seopress_titles_desc":"","_seopress_robots_index":""},"product_brand":[],"product_cat":[733],"product_tag":[190,200,235,171],"class_list":{"0":"post-2950","1":"product","2":"type-product","3":"status-publish","4":"has-post-thumbnail","6":"product_cat-models-esgotats","7":"product_tag-antelina-ca","8":"product_tag-coto","9":"product_tag-trena-de-rafia-ca","10":"product_tag-zamak-ca","11":"pa_color-blau-ca","12":"pa_color-blau-fosc-ca","13":"pa_color-camel-ca-2","14":"pa_color-gris-ca-2","15":"pa_color-marro-ca","16":"pa_color-negre-ca-2","17":"pa_color-verd-fosc-ca","18":"pa_color-verd-poma-ca","19":"pa_talla-l-ca","20":"pa_talla-m-ca","21":"pa_talla-s-ca","22":"pa_talla-xs-ca","24":"first","25":"instock","26":"taxable","27":"shipping-taxable","28":"purchasable","29":"product-type-variable","30":"has-default-attributes"},"_links":{"self":[{"href":"https:\/\/egassbarcelona.com\/ca\/wp-json\/wp\/v2\/product\/2950","targetHints":{"allow":["GET"]}}],"collection":[{"href":"https:\/\/egassbarcelona.com\/ca\/wp-json\/wp\/v2\/product"}],"about":[{"href":"https:\/\/egassbarcelona.com\/ca\/wp-json\/wp\/v2\/types\/product"}],"replies":[{"embeddable":true,"href":"https:\/\/egassbarcelona.com\/ca\/wp-json\/wp\/v2\/comments?post=2950"}],"wp:featuredmedia":[{"embeddable":true,"href":"https:\/\/egassbarcelona.com\/ca\/wp-json\/wp\/v2\/media\/22277"}],"wp:attachment":[{"href":"https:\/\/egassbarcelona.com\/ca\/wp-json\/wp\/v2\/media?parent=2950"}],"wp:term":[{"taxonomy":"product_brand","embeddable":true,"href":"https:\/\/egassbarcelona.com\/ca\/wp-json\/wp\/v2\/product_brand?post=2950"},{"taxonomy":"product_cat","embeddable":true,"href":"https:\/\/egassbarcelona.com\/ca\/wp-json\/wp\/v2\/product_cat?post=2950"},{"taxonomy":"product_tag","embeddable":true,"href":"https:\/\/egassbarcelona.com\/ca\/wp-json\/wp\/v2\/product_tag?post=2950"}],"curies":[{"name":"wp","href":"https:\/\/api.w.org\/{rel}","templated":true}]}}