{"id":25693,"date":"2025-12-04T23:00:47","date_gmt":"2025-12-04T22:00:47","guid":{"rendered":"https:\/\/egassbarcelona.com\/producto\/betty-bicolor-set\/"},"modified":"2025-12-04T23:00:47","modified_gmt":"2025-12-04T22:00:47","slug":"betty-bicolor-set","status":"publish","type":"product","link":"https:\/\/egassbarcelona.com\/ca\/producte\/betty-bicolor-set\/","title":{"rendered":"Betty bicolor Set"},"content":{"rendered":"<p><span class=\"s1\">Set compost per un collaret i unes arracades bicolor elaborats en zamak banyat en or i plata, creant un contrast modern i llumin\u00f3s. El collaret alterna baules ovalades dels dos tons, aportant ritme i sofisticaci\u00f3 al disseny.  <\/span>Les arracades mantenen la mateixa est\u00e8tica bicolor i es poden demanar amb tancament de clip per a orelles no perforades o amb tancament est\u00e0ndard.<span class=\"s1\"> En les arracades bicolors, la refer\u00e8ncia es determinar\u00e0 pel color (bany) de la part que est\u00e0 en contacte amb la teva orella. \u00c9s a dir, el to que es troba m\u00e9s a prop de l\u2019orella ser\u00e0 el que defineixi el model. Aix\u00f2 t\u2019ajudar\u00e0 a identificar f\u00e0cilment l\u2019opci\u00f3 que millor s\u2019adapta al teu estil.   <\/span><span class=\"s1\">Disseny elegant, ideal per donar un toc de distinci\u00f3 al teu estil.<br \/>Una proposta equilibrada, elegant i molt combinable, ideal tant per a ocasions especials com per elevar un look diari.<\/span><\/p>\n","protected":false},"excerpt":{"rendered":"<p class=\"p1\"><span class=\"s1\">Set de collaret i arracades bicolor en zamak banyat en or i plata. Disseny elegant i vers\u00e0til. Les arracades es poden demanar amb tancament est\u00e0ndard o amb clip.  <\/span><\/p>\n","protected":false},"featured_media":25686,"comment_status":"closed","ping_status":"closed","template":"","meta":{"_seopress_robots_primary_cat":"151","_seopress_titles_title":"","_seopress_titles_desc":"","_seopress_robots_index":""},"product_brand":[],"product_cat":[151,510],"product_tag":[991,1040,1218,1227,1221,1225,1220,1224,1222,1053,1219,1226,1223,929,521],"class_list":{"0":"post-25693","1":"product","2":"type-product","3":"status-publish","4":"has-post-thumbnail","6":"product_cat-conjunts","7":"product_cat-novetats","8":"product_tag-arracades-bicolor","9":"product_tag-arracades-llargues","10":"product_tag-collaret-bicolor","11":"product_tag-collaret-modern","12":"product_tag-diseny-elegant","13":"product_tag-eslabones-ovalados","14":"product_tag-joieria-artesanal","15":"product_tag-joies-versatis","16":"product_tag-peces-combinables","17":"product_tag-regal-especial","18":"product_tag-set-collaret-i-arracades","19":"product_tag-set-de-dona","20":"product_tag-tanca-de-clip","21":"product_tag-zamak-banado-en-oro-ca","22":"product_tag-zamak-banado-en-plata-ca","23":"pa_bano-oro-ca","24":"pa_bano-plata-ca-2","25":"pa_cierre-clip-ca","26":"pa_cierre-estandard","28":"first","29":"instock","30":"taxable","31":"shipping-taxable","32":"purchasable","33":"product-type-variable"},"_links":{"self":[{"href":"https:\/\/egassbarcelona.com\/ca\/wp-json\/wp\/v2\/product\/25693","targetHints":{"allow":["GET"]}}],"collection":[{"href":"https:\/\/egassbarcelona.com\/ca\/wp-json\/wp\/v2\/product"}],"about":[{"href":"https:\/\/egassbarcelona.com\/ca\/wp-json\/wp\/v2\/types\/product"}],"replies":[{"embeddable":true,"href":"https:\/\/egassbarcelona.com\/ca\/wp-json\/wp\/v2\/comments?post=25693"}],"wp:featuredmedia":[{"embeddable":true,"href":"https:\/\/egassbarcelona.com\/ca\/wp-json\/wp\/v2\/media\/25686"}],"wp:attachment":[{"href":"https:\/\/egassbarcelona.com\/ca\/wp-json\/wp\/v2\/media?parent=25693"}],"wp:term":[{"taxonomy":"product_brand","embeddable":true,"href":"https:\/\/egassbarcelona.com\/ca\/wp-json\/wp\/v2\/product_brand?post=25693"},{"taxonomy":"product_cat","embeddable":true,"href":"https:\/\/egassbarcelona.com\/ca\/wp-json\/wp\/v2\/product_cat?post=25693"},{"taxonomy":"product_tag","embeddable":true,"href":"https:\/\/egassbarcelona.com\/ca\/wp-json\/wp\/v2\/product_tag?post=25693"}],"curies":[{"name":"wp","href":"https:\/\/api.w.org\/{rel}","templated":true}]}}