{"id":20765,"date":"2025-08-31T17:31:46","date_gmt":"2025-08-31T15:31:46","guid":{"rendered":"https:\/\/egassbarcelona.com\/product\/20765\/"},"modified":"2025-08-31T17:51:03","modified_gmt":"2025-08-31T15:51:03","slug":"20765","status":"publish","type":"product","link":"https:\/\/egassbarcelona.com\/ca\/producte\/20765\/","title":{"rendered":"Natalia Set"},"content":{"rendered":"<p>Conjunt artesanal amb formes org\u00e0niques i textura martellejada. Inclou les arracades Rombe (TS), disponibles amb tancament est\u00e0ndard o de clip, i el model llarg Nausica, nom\u00e9s amb tancament est\u00e0ndard. L\u2019anell, ajustable a totes les talles, aporta versatilitat i comoditat.<\/p>\n<p>Cada pe\u00e7a, feta a m\u00e0 en bany d\u2019or o plata, destaca pel seu disseny contemporani i exclusiu, creant un conjunt sofisticat i atemporal que real\u00e7a qualsevol estil.<\/p>\n","protected":false},"excerpt":{"rendered":"<p>Conjunt elegant de arracades i anell amb formes org\u00e0niques martellejades, en bany d\u2019or o plata. Arracades Rombe (TS), amb tancament est\u00e0ndard o de clip, i arracades llargues Nausica, nom\u00e9s amb tancament est\u00e0ndard. Anell ajustable a totes les talles.<br \/>\nFet a m\u00e0.<\/p>\n","protected":false},"featured_media":24895,"comment_status":"closed","ping_status":"closed","template":"","meta":{"_seopress_robots_primary_cat":"510","_seopress_titles_title":"","_seopress_titles_desc":"","_seopress_robots_index":""},"product_brand":[],"product_cat":[151,510],"product_tag":[1057,1056,1040,971,995,1047,1049,1044,1050,1041,1043,1048,1051,1045,1052,1053],"class_list":{"0":"post-20765","1":"product","2":"type-product","3":"status-publish","4":"has-post-thumbnail","6":"product_cat-conjunts","7":"product_cat-novetats","8":"product_tag-anell-ajustable","9":"product_tag-anell-regulable","10":"product_tag-arracades-llargues","11":"product_tag-bany-dor","12":"product_tag-bany-de-plata","13":"product_tag-conjunt-joies","14":"product_tag-diseny-artesanal","15":"product_tag-joieria-feta-a-ma","16":"product_tag-joieria-sostenible","17":"product_tag-joies-artesanals","18":"product_tag-joies-atemporals","19":"product_tag-joies-elegants","20":"product_tag-joies-minimalistes","21":"product_tag-joies-uniques","22":"product_tag-peces-exclusives","23":"product_tag-regal-especial","24":"pa_bano-oro-ca","25":"pa_bano-plata-ca-2","26":"pa_cierre-clip-ca","27":"pa_cierre-estandard","28":"pa_talla-l-ca","29":"pa_talla-s-ca","31":"first","32":"instock","33":"taxable","34":"shipping-taxable","35":"purchasable","36":"product-type-variable","37":"has-default-attributes"},"_links":{"self":[{"href":"https:\/\/egassbarcelona.com\/ca\/wp-json\/wp\/v2\/product\/20765","targetHints":{"allow":["GET"]}}],"collection":[{"href":"https:\/\/egassbarcelona.com\/ca\/wp-json\/wp\/v2\/product"}],"about":[{"href":"https:\/\/egassbarcelona.com\/ca\/wp-json\/wp\/v2\/types\/product"}],"replies":[{"embeddable":true,"href":"https:\/\/egassbarcelona.com\/ca\/wp-json\/wp\/v2\/comments?post=20765"}],"wp:featuredmedia":[{"embeddable":true,"href":"https:\/\/egassbarcelona.com\/ca\/wp-json\/wp\/v2\/media\/24895"}],"wp:attachment":[{"href":"https:\/\/egassbarcelona.com\/ca\/wp-json\/wp\/v2\/media?parent=20765"}],"wp:term":[{"taxonomy":"product_brand","embeddable":true,"href":"https:\/\/egassbarcelona.com\/ca\/wp-json\/wp\/v2\/product_brand?post=20765"},{"taxonomy":"product_cat","embeddable":true,"href":"https:\/\/egassbarcelona.com\/ca\/wp-json\/wp\/v2\/product_cat?post=20765"},{"taxonomy":"product_tag","embeddable":true,"href":"https:\/\/egassbarcelona.com\/ca\/wp-json\/wp\/v2\/product_tag?post=20765"}],"curies":[{"name":"wp","href":"https:\/\/api.w.org\/{rel}","templated":true}]}}