{"id":20631,"date":"2025-08-21T21:47:58","date_gmt":"2025-08-21T19:47:58","guid":{"rendered":"https:\/\/egassbarcelona.com\/product\/20631\/"},"modified":"2025-08-21T21:59:12","modified_gmt":"2025-08-21T19:59:12","slug":"20631","status":"publish","type":"product","link":"https:\/\/egassbarcelona.com\/ca\/producte\/20631\/","title":{"rendered":"Nino Set"},"content":{"rendered":"<p>El seu disseny geom\u00e8tric i contemporani aporta for\u00e7a i eleg\u00e0ncia, convertint-lo en un complement atractiu, perfecte per real\u00e7ar qualsevol look. Ideal tant per a ocasions especials com per donar un aire sofisticat al teu estil diari.<\/p>\n","protected":false},"excerpt":{"rendered":"<p>Aquest conjunt combina un collaret llarg d\u2019eslabons irregulars i arracades a joc, treballats en bany d\u2019or o plata segons el model.<br \/>\nMida collaret: la mida indicada del collaret correspon al llarg del collaret en caiguda (des del coll cap avall), no al per\u00edmetre complet.<br \/>\nTS: 50-51 cm | M: 52-53 cm | L: 54-55 cm<br \/>\nMida arracades: 7 cm.<br \/>\nFet a m\u00e0.<\/p>\n","protected":false},"featured_media":24850,"comment_status":"closed","ping_status":"closed","template":"","meta":{"_seopress_robots_primary_cat":"510","_seopress_titles_title":"","_seopress_titles_desc":"","_seopress_robots_index":""},"product_brand":[],"product_cat":[151,510],"product_tag":[],"class_list":{"0":"post-20631","1":"product","2":"type-product","3":"status-publish","4":"has-post-thumbnail","6":"product_cat-conjunts","7":"product_cat-novetats","8":"pa_bano-oro-ca","9":"pa_bano-plata-ca-2","10":"pa_talla-l-ca","11":"pa_talla-m-ca","12":"pa_talla-s-ca","14":"first","15":"instock","16":"taxable","17":"shipping-taxable","18":"purchasable","19":"product-type-variable","20":"has-default-attributes"},"_links":{"self":[{"href":"https:\/\/egassbarcelona.com\/ca\/wp-json\/wp\/v2\/product\/20631","targetHints":{"allow":["GET"]}}],"collection":[{"href":"https:\/\/egassbarcelona.com\/ca\/wp-json\/wp\/v2\/product"}],"about":[{"href":"https:\/\/egassbarcelona.com\/ca\/wp-json\/wp\/v2\/types\/product"}],"replies":[{"embeddable":true,"href":"https:\/\/egassbarcelona.com\/ca\/wp-json\/wp\/v2\/comments?post=20631"}],"wp:featuredmedia":[{"embeddable":true,"href":"https:\/\/egassbarcelona.com\/ca\/wp-json\/wp\/v2\/media\/24850"}],"wp:attachment":[{"href":"https:\/\/egassbarcelona.com\/ca\/wp-json\/wp\/v2\/media?parent=20631"}],"wp:term":[{"taxonomy":"product_brand","embeddable":true,"href":"https:\/\/egassbarcelona.com\/ca\/wp-json\/wp\/v2\/product_brand?post=20631"},{"taxonomy":"product_cat","embeddable":true,"href":"https:\/\/egassbarcelona.com\/ca\/wp-json\/wp\/v2\/product_cat?post=20631"},{"taxonomy":"product_tag","embeddable":true,"href":"https:\/\/egassbarcelona.com\/ca\/wp-json\/wp\/v2\/product_tag?post=20631"}],"curies":[{"name":"wp","href":"https:\/\/api.w.org\/{rel}","templated":true}]}}