{"id":20593,"date":"2025-08-21T20:40:29","date_gmt":"2025-08-21T18:40:29","guid":{"rendered":"https:\/\/egassbarcelona.com\/product\/rebeca-set\/"},"modified":"2025-08-21T20:40:29","modified_gmt":"2025-08-21T18:40:29","slug":"rebeca-set","status":"publish","type":"product","link":"https:\/\/egassbarcelona.com\/ca\/producte\/rebeca-set\/","title":{"rendered":"Rebeca Set"},"content":{"rendered":"<p>Les peces, treballades a m\u00e0 en bany d\u2019or o plata, evoquen formes naturals amb un acabat texturitzat que aporta moviment i personalitat. Lleuger i vers\u00e0til, \u00e9s un accessori ideal tant per donar un aire art\u00edstic al teu look diari com per acompanyar ocasions especials amb un toc sofisticat i \u00fanic.<\/p>\n","protected":false},"excerpt":{"rendered":"<p>Conjunt de disseny org\u00e0nic i contemporani format per un collaret r\u00edgid amb penjoll i arracades a joc. En bany d\u2019or o plata, segons el model.<br \/>\nTalla \u00fanica. Mida arracades: 4,5 cm.<br \/>\nFet a m\u00e0.<\/p>\n","protected":false},"featured_media":24839,"comment_status":"closed","ping_status":"closed","template":"","meta":{"_seopress_robots_primary_cat":"510","_seopress_titles_title":"","_seopress_titles_desc":"","_seopress_robots_index":""},"product_brand":[],"product_cat":[151,510],"product_tag":[985,995,196],"class_list":{"0":"post-20593","1":"product","2":"type-product","3":"status-publish","4":"has-post-thumbnail","6":"product_cat-conjunts","7":"product_cat-novetats","8":"product_tag-baby-or","9":"product_tag-bany-de-plata","10":"product_tag-fet-a-ma","11":"pa_bano-oro-ca","12":"pa_bano-plata-ca-2","14":"first","15":"instock","16":"taxable","17":"shipping-taxable","18":"purchasable","19":"product-type-variable","20":"has-default-attributes"},"_links":{"self":[{"href":"https:\/\/egassbarcelona.com\/ca\/wp-json\/wp\/v2\/product\/20593","targetHints":{"allow":["GET"]}}],"collection":[{"href":"https:\/\/egassbarcelona.com\/ca\/wp-json\/wp\/v2\/product"}],"about":[{"href":"https:\/\/egassbarcelona.com\/ca\/wp-json\/wp\/v2\/types\/product"}],"replies":[{"embeddable":true,"href":"https:\/\/egassbarcelona.com\/ca\/wp-json\/wp\/v2\/comments?post=20593"}],"wp:featuredmedia":[{"embeddable":true,"href":"https:\/\/egassbarcelona.com\/ca\/wp-json\/wp\/v2\/media\/24839"}],"wp:attachment":[{"href":"https:\/\/egassbarcelona.com\/ca\/wp-json\/wp\/v2\/media?parent=20593"}],"wp:term":[{"taxonomy":"product_brand","embeddable":true,"href":"https:\/\/egassbarcelona.com\/ca\/wp-json\/wp\/v2\/product_brand?post=20593"},{"taxonomy":"product_cat","embeddable":true,"href":"https:\/\/egassbarcelona.com\/ca\/wp-json\/wp\/v2\/product_cat?post=20593"},{"taxonomy":"product_tag","embeddable":true,"href":"https:\/\/egassbarcelona.com\/ca\/wp-json\/wp\/v2\/product_tag?post=20593"}],"curies":[{"name":"wp","href":"https:\/\/api.w.org\/{rel}","templated":true}]}}