{"id":20516,"date":"2024-12-09T20:20:13","date_gmt":"2024-12-09T19:20:13","guid":{"rendered":"https:\/\/egassbarcelona.com\/product\/20516\/"},"modified":"2025-08-17T18:17:48","modified_gmt":"2025-08-17T16:17:48","slug":"20516","status":"publish","type":"product","link":"https:\/\/egassbarcelona.com\/ca\/producte\/20516\/","title":{"rendered":"Natalia A"},"content":{"rendered":"<p>Aquestes arracades presenten un disseny rod\u00f3 amb delicades ondulacions que evoquen moviment i flu\u00efdesa. La seva forma minimalista per\u00f2 captivadora aporta un toc de sofisticaci\u00f3 natural a qualsevol look. Lleugeres i vers\u00e0tils, s\u00f3n el complement perfecte tant per a ocasions especials com per al dia a dia.<\/p>\n","protected":false},"excerpt":{"rendered":"<p>Arracades grans, de disseny rod\u00f3 amb delicades ondulacions que evoquen moviment i flu\u00efdesa. Lleugeres i vers\u00e0tils. Banyades en or o plata segons el model i el tractament galvanitzat. Disponibles amb tancament est\u00e0ndard o de clip.<br \/>\nFetes a m\u00e0.<\/p>\n","protected":false},"featured_media":24630,"comment_status":"closed","ping_status":"closed","template":"","meta":{"_seopress_robots_primary_cat":"510","_seopress_titles_title":"","_seopress_titles_desc":"","_seopress_robots_index":""},"product_brand":[],"product_cat":[149,510],"product_tag":[],"class_list":{"0":"post-20516","1":"product","2":"type-product","3":"status-publish","4":"has-post-thumbnail","6":"product_cat-arracades","7":"product_cat-novetats","8":"pa_bano-oro-ca","9":"pa_bano-plata-ca-2","10":"pa_cierre-clip-ca","11":"pa_cierre-estandard","13":"first","14":"instock","15":"taxable","16":"shipping-taxable","17":"purchasable","18":"product-type-variable"},"_links":{"self":[{"href":"https:\/\/egassbarcelona.com\/ca\/wp-json\/wp\/v2\/product\/20516","targetHints":{"allow":["GET"]}}],"collection":[{"href":"https:\/\/egassbarcelona.com\/ca\/wp-json\/wp\/v2\/product"}],"about":[{"href":"https:\/\/egassbarcelona.com\/ca\/wp-json\/wp\/v2\/types\/product"}],"replies":[{"embeddable":true,"href":"https:\/\/egassbarcelona.com\/ca\/wp-json\/wp\/v2\/comments?post=20516"}],"wp:featuredmedia":[{"embeddable":true,"href":"https:\/\/egassbarcelona.com\/ca\/wp-json\/wp\/v2\/media\/24630"}],"wp:attachment":[{"href":"https:\/\/egassbarcelona.com\/ca\/wp-json\/wp\/v2\/media?parent=20516"}],"wp:term":[{"taxonomy":"product_brand","embeddable":true,"href":"https:\/\/egassbarcelona.com\/ca\/wp-json\/wp\/v2\/product_brand?post=20516"},{"taxonomy":"product_cat","embeddable":true,"href":"https:\/\/egassbarcelona.com\/ca\/wp-json\/wp\/v2\/product_cat?post=20516"},{"taxonomy":"product_tag","embeddable":true,"href":"https:\/\/egassbarcelona.com\/ca\/wp-json\/wp\/v2\/product_tag?post=20516"}],"curies":[{"name":"wp","href":"https:\/\/api.w.org\/{rel}","templated":true}]}}