{"id":20501,"date":"2025-08-16T19:47:45","date_gmt":"2025-08-16T17:47:45","guid":{"rendered":"https:\/\/egassbarcelona.com\/product\/20501\/"},"modified":"2025-08-16T20:01:23","modified_gmt":"2025-08-16T18:01:23","slug":"20501","status":"publish","type":"product","link":"https:\/\/egassbarcelona.com\/ca\/producte\/20501\/","title":{"rendered":"Et\u00e9reo Set"},"content":{"rendered":"<p>El conjunt Et\u00e9ro combina delicadesa i modernitat en peces \u00faniques que es distingeixen per la seva lleugeresa. Amb acabats en or o plata i un disseny elegant, \u00e9s perfecte per a aquells que busquen comoditat sense renunciar a l\u2019estil. La varietat de talles permet una adaptaci\u00f3 perfecta, tant en el collar com en la polsera.<br \/>\nSi desitges una talla diferent per al collar que per a la polsera, indica-ho als comentaris de la teva comanda.<\/p>\n","protected":false},"excerpt":{"rendered":"<p>Collaret llarg i polsera extremadament lleugeres, elabo banyat en or o plata segons model i tractament galv\u00e0nic. Molt elegant i diferent.<br \/>\nMides collar: TS 53 cm | TM 56 cm | TL 59 cm.<br \/>\nMides polsera: S 15 cm | M 16 cm | L 17 cm.<br \/>\nFet a m\u00e0.<\/p>\n","protected":false},"featured_media":24814,"comment_status":"closed","ping_status":"closed","template":"","meta":{"_seopress_robots_primary_cat":"151","_seopress_titles_title":"","_seopress_titles_desc":"","_seopress_robots_index":""},"product_brand":[],"product_cat":[151,510],"product_tag":[],"class_list":{"0":"post-20501","1":"product","2":"type-product","3":"status-publish","4":"has-post-thumbnail","6":"product_cat-conjunts","7":"product_cat-novetats","8":"pa_bano-oro-ca","9":"pa_bano-plata-ca-2","10":"pa_talla-l-ca","11":"pa_talla-m-ca","12":"pa_talla-s-ca","14":"first","15":"instock","16":"taxable","17":"shipping-taxable","18":"purchasable","19":"product-type-variable","20":"has-default-attributes"},"_links":{"self":[{"href":"https:\/\/egassbarcelona.com\/ca\/wp-json\/wp\/v2\/product\/20501","targetHints":{"allow":["GET"]}}],"collection":[{"href":"https:\/\/egassbarcelona.com\/ca\/wp-json\/wp\/v2\/product"}],"about":[{"href":"https:\/\/egassbarcelona.com\/ca\/wp-json\/wp\/v2\/types\/product"}],"replies":[{"embeddable":true,"href":"https:\/\/egassbarcelona.com\/ca\/wp-json\/wp\/v2\/comments?post=20501"}],"wp:featuredmedia":[{"embeddable":true,"href":"https:\/\/egassbarcelona.com\/ca\/wp-json\/wp\/v2\/media\/24814"}],"wp:attachment":[{"href":"https:\/\/egassbarcelona.com\/ca\/wp-json\/wp\/v2\/media?parent=20501"}],"wp:term":[{"taxonomy":"product_brand","embeddable":true,"href":"https:\/\/egassbarcelona.com\/ca\/wp-json\/wp\/v2\/product_brand?post=20501"},{"taxonomy":"product_cat","embeddable":true,"href":"https:\/\/egassbarcelona.com\/ca\/wp-json\/wp\/v2\/product_cat?post=20501"},{"taxonomy":"product_tag","embeddable":true,"href":"https:\/\/egassbarcelona.com\/ca\/wp-json\/wp\/v2\/product_tag?post=20501"}],"curies":[{"name":"wp","href":"https:\/\/api.w.org\/{rel}","templated":true}]}}