{"id":20393,"date":"2025-08-07T20:16:59","date_gmt":"2025-08-07T18:16:59","guid":{"rendered":"https:\/\/egassbarcelona.com\/product\/rita-c\/"},"modified":"2025-12-04T21:44:58","modified_gmt":"2025-12-04T20:44:58","slug":"rita-c","status":"publish","type":"product","link":"https:\/\/egassbarcelona.com\/ca\/producte\/rita-c\/","title":{"rendered":"Rita C"},"content":{"rendered":"<p>Una pe\u00e7a vers\u00e0til que combina la calidesa de l\u2019or amb la sobrietat de la plata, creant un contrast elegant i atemporal. El seu disseny escult\u00f2ric la converteix en la protagonista de qualsevol look, aportant personalitat i estil sense esfor\u00e7. Talla \u00fanica f\u00e0cilment ajustable i adaptable al coll.  <\/p>\n","protected":false},"excerpt":{"rendered":"<p>Espectacular gargantilla r\u00edgida de disseny contemporani, composta per dos \u00f2vals d\u2019acabat mat, banyats en or i plata, superposats en un joc harm\u00f2nic de color i forma.<br \/>La refer\u00e8ncia del bany (or\/plata) es determinar\u00e0 pel color (bany) de la gargantilla. Talla \u00fanica.<br \/>Mida del penjoll: 6,5 cm. <\/p>\n","protected":false},"featured_media":24724,"comment_status":"closed","ping_status":"closed","template":"","meta":{"_seopress_robots_primary_cat":"81","_seopress_titles_title":"","_seopress_titles_desc":"","_seopress_robots_index":""},"product_brand":[],"product_cat":[81,510],"product_tag":[],"class_list":{"0":"post-20393","1":"product","2":"type-product","3":"status-publish","4":"has-post-thumbnail","6":"product_cat-collarets","7":"product_cat-novetats","8":"pa_bano-oro-ca","9":"pa_bano-plata-ca-2","11":"first","12":"instock","13":"taxable","14":"shipping-taxable","15":"product-type-variable","16":"has-default-attributes"},"_links":{"self":[{"href":"https:\/\/egassbarcelona.com\/ca\/wp-json\/wp\/v2\/product\/20393","targetHints":{"allow":["GET"]}}],"collection":[{"href":"https:\/\/egassbarcelona.com\/ca\/wp-json\/wp\/v2\/product"}],"about":[{"href":"https:\/\/egassbarcelona.com\/ca\/wp-json\/wp\/v2\/types\/product"}],"replies":[{"embeddable":true,"href":"https:\/\/egassbarcelona.com\/ca\/wp-json\/wp\/v2\/comments?post=20393"}],"wp:featuredmedia":[{"embeddable":true,"href":"https:\/\/egassbarcelona.com\/ca\/wp-json\/wp\/v2\/media\/24724"}],"wp:attachment":[{"href":"https:\/\/egassbarcelona.com\/ca\/wp-json\/wp\/v2\/media?parent=20393"}],"wp:term":[{"taxonomy":"product_brand","embeddable":true,"href":"https:\/\/egassbarcelona.com\/ca\/wp-json\/wp\/v2\/product_brand?post=20393"},{"taxonomy":"product_cat","embeddable":true,"href":"https:\/\/egassbarcelona.com\/ca\/wp-json\/wp\/v2\/product_cat?post=20393"},{"taxonomy":"product_tag","embeddable":true,"href":"https:\/\/egassbarcelona.com\/ca\/wp-json\/wp\/v2\/product_tag?post=20393"}],"curies":[{"name":"wp","href":"https:\/\/api.w.org\/{rel}","templated":true}]}}