{"id":20386,"date":"2025-08-15T20:05:22","date_gmt":"2025-08-15T18:05:22","guid":{"rendered":"https:\/\/egassbarcelona.com\/product\/20386\/"},"modified":"2025-08-15T20:05:22","modified_gmt":"2025-08-15T18:05:22","slug":"20386","status":"publish","type":"product","link":"https:\/\/egassbarcelona.com\/ca\/producte\/20386\/","title":{"rendered":""},"content":{"rendered":"<p>El seu disseny depurat ressalta la forma allargada del penjoll calat, creant una pe\u00e7a lleugera i sofisticada. L\u2019acabat en bany d\u2019or o plata aporta una lluentor elegant que combina f\u00e0cilment amb diferents estils, des del m\u00e9s casual fins al m\u00e9s formal. Elaborada a m\u00e0, aquesta gargantilla transmet l\u2019ess\u00e8ncia d\u2019una joia \u00fanica i atemporal.<\/p>\n","protected":false},"excerpt":{"rendered":"<p>Collaret curt amb penjoll calat de forma estilitzada, amb bany en or o plata, segons model. Lleuger, minimalista i elegant. Ideal per donar un toc sofisticat a qualsevol look. Talla \u00fanica.<br \/>\nFet a m\u00e0.<\/p>\n","protected":false},"featured_media":24796,"comment_status":"closed","ping_status":"closed","template":"","meta":{"_seopress_robots_primary_cat":"510","_seopress_titles_title":"","_seopress_titles_desc":"","_seopress_robots_index":""},"product_brand":[],"product_cat":[81,510],"product_tag":[],"class_list":{"0":"post-20386","1":"product","2":"type-product","3":"status-publish","4":"has-post-thumbnail","6":"product_cat-collarets","7":"product_cat-novetats","8":"pa_bano-oro-ca","9":"pa_bano-plata-ca-2","11":"first","12":"instock","13":"taxable","14":"shipping-taxable","15":"purchasable","16":"product-type-variable","17":"has-default-attributes"},"_links":{"self":[{"href":"https:\/\/egassbarcelona.com\/ca\/wp-json\/wp\/v2\/product\/20386","targetHints":{"allow":["GET"]}}],"collection":[{"href":"https:\/\/egassbarcelona.com\/ca\/wp-json\/wp\/v2\/product"}],"about":[{"href":"https:\/\/egassbarcelona.com\/ca\/wp-json\/wp\/v2\/types\/product"}],"replies":[{"embeddable":true,"href":"https:\/\/egassbarcelona.com\/ca\/wp-json\/wp\/v2\/comments?post=20386"}],"wp:featuredmedia":[{"embeddable":true,"href":"https:\/\/egassbarcelona.com\/ca\/wp-json\/wp\/v2\/media\/24796"}],"wp:attachment":[{"href":"https:\/\/egassbarcelona.com\/ca\/wp-json\/wp\/v2\/media?parent=20386"}],"wp:term":[{"taxonomy":"product_brand","embeddable":true,"href":"https:\/\/egassbarcelona.com\/ca\/wp-json\/wp\/v2\/product_brand?post=20386"},{"taxonomy":"product_cat","embeddable":true,"href":"https:\/\/egassbarcelona.com\/ca\/wp-json\/wp\/v2\/product_cat?post=20386"},{"taxonomy":"product_tag","embeddable":true,"href":"https:\/\/egassbarcelona.com\/ca\/wp-json\/wp\/v2\/product_tag?post=20386"}],"curies":[{"name":"wp","href":"https:\/\/api.w.org\/{rel}","templated":true}]}}