{"id":19959,"date":"2025-07-22T18:54:38","date_gmt":"2025-07-22T16:54:38","guid":{"rendered":"https:\/\/egassbarcelona.com\/product\/esther-c\/"},"modified":"2025-08-17T18:04:34","modified_gmt":"2025-08-17T16:04:34","slug":"esther-c","status":"publish","type":"product","link":"https:\/\/egassbarcelona.com\/ca\/producte\/esther-c\/","title":{"rendered":"Esther C"},"content":{"rendered":"<p>Elegant i minimalista, aquesta delicada collaret arran de coll destaca pel seu disseny atemporal i sofisticat. Amb una perla de riu natural com a protagonista, cada pe\u00e7a \u00e9s \u00fanica per les formes org\u00e0niques i irregulars de la perla. Ideal per aportar un toc subtil de llum i eleg\u00e0ncia a qualsevol look.<\/p>\n","protected":false},"excerpt":{"rendered":"<p>Collaret curt, ajustat a ran de coll, fi amb perla de riu natural com a protagonista. Elegant i minimalista.<br \/>\nDisponible amb bany d\u2019or o de plata, segons el model.<br \/>\nTalla \u00fanica.<br \/>\nFet a m\u00e0.<\/p>\n","protected":false},"featured_media":24673,"comment_status":"closed","ping_status":"closed","template":"","meta":{"_seopress_robots_primary_cat":"81","_seopress_titles_title":"","_seopress_titles_desc":"","_seopress_robots_index":""},"product_brand":[],"product_cat":[81,510],"product_tag":[],"class_list":{"0":"post-19959","1":"product","2":"type-product","3":"status-publish","4":"has-post-thumbnail","6":"product_cat-collarets","7":"product_cat-novetats","8":"pa_bano-oro-ca","9":"pa_bano-plata-ca-2","11":"first","12":"instock","13":"taxable","14":"shipping-taxable","15":"purchasable","16":"product-type-variable"},"_links":{"self":[{"href":"https:\/\/egassbarcelona.com\/ca\/wp-json\/wp\/v2\/product\/19959","targetHints":{"allow":["GET"]}}],"collection":[{"href":"https:\/\/egassbarcelona.com\/ca\/wp-json\/wp\/v2\/product"}],"about":[{"href":"https:\/\/egassbarcelona.com\/ca\/wp-json\/wp\/v2\/types\/product"}],"replies":[{"embeddable":true,"href":"https:\/\/egassbarcelona.com\/ca\/wp-json\/wp\/v2\/comments?post=19959"}],"wp:featuredmedia":[{"embeddable":true,"href":"https:\/\/egassbarcelona.com\/ca\/wp-json\/wp\/v2\/media\/24673"}],"wp:attachment":[{"href":"https:\/\/egassbarcelona.com\/ca\/wp-json\/wp\/v2\/media?parent=19959"}],"wp:term":[{"taxonomy":"product_brand","embeddable":true,"href":"https:\/\/egassbarcelona.com\/ca\/wp-json\/wp\/v2\/product_brand?post=19959"},{"taxonomy":"product_cat","embeddable":true,"href":"https:\/\/egassbarcelona.com\/ca\/wp-json\/wp\/v2\/product_cat?post=19959"},{"taxonomy":"product_tag","embeddable":true,"href":"https:\/\/egassbarcelona.com\/ca\/wp-json\/wp\/v2\/product_tag?post=19959"}],"curies":[{"name":"wp","href":"https:\/\/api.w.org\/{rel}","templated":true}]}}