{"id":19829,"date":"2024-12-07T19:55:19","date_gmt":"2024-12-07T18:55:19","guid":{"rendered":"https:\/\/egassbarcelona.com\/product\/betty-c\/"},"modified":"2025-06-07T09:45:57","modified_gmt":"2025-06-07T07:45:57","slug":"betty-c","status":"publish","type":"product","link":"https:\/\/egassbarcelona.com\/ca\/producte\/betty-c\/","title":{"rendered":"Betty C."},"content":{"rendered":"<p>Un disseny \u00fanic que combina eleg\u00e0ncia i modernitat.<br \/>\nFabricat amb materials d\u2019alta qualitat, amb bany d\u2019or o de plata segons el model i acabat galvanitzat, aquest collaret destaca pel seu disseny contemporani, aportant un toc de distinci\u00f3 al teu estil.<\/p>\n<p>La mesura indicada correspon al collaret en tota la seva longitud, \u00e9s a dir, quan est\u00e0 completament est\u00e8s.<br \/>\nS: 37 cm | M: 42 cm | L: 47 cm | XL: 52 cm<\/p>\n","protected":false},"excerpt":{"rendered":"<p>Collaret curt amb baules. Disseny modern i elegant en color \u00fanic o bicolor. Inclou cadeneta ajustable per adaptar-lo a la mida. Resistents i vers\u00e0tils, ideals per a qualsevol ocasi\u00f3.<br \/>\nFet a m\u00e0.<br \/>\nS: 37 cm | M: 42 cm | L: 47 cm | XL: 52 cm<\/p>\n","protected":false},"featured_media":24559,"comment_status":"closed","ping_status":"closed","template":"","meta":{"_seopress_robots_primary_cat":"510","_seopress_titles_title":"","_seopress_titles_desc":"","_seopress_robots_index":""},"product_brand":[],"product_cat":[81,510],"product_tag":[],"class_list":{"0":"post-19829","1":"product","2":"type-product","3":"status-publish","4":"has-post-thumbnail","6":"product_cat-collarets","7":"product_cat-novetats","8":"pa_bano-oro-ca","9":"pa_bano-plata-ca-2","10":"pa_talla-l-ca","11":"pa_talla-m-ca","12":"pa_talla-s-ca","14":"first","15":"instock","16":"taxable","17":"shipping-taxable","18":"purchasable","19":"product-type-variable"},"_links":{"self":[{"href":"https:\/\/egassbarcelona.com\/ca\/wp-json\/wp\/v2\/product\/19829","targetHints":{"allow":["GET"]}}],"collection":[{"href":"https:\/\/egassbarcelona.com\/ca\/wp-json\/wp\/v2\/product"}],"about":[{"href":"https:\/\/egassbarcelona.com\/ca\/wp-json\/wp\/v2\/types\/product"}],"replies":[{"embeddable":true,"href":"https:\/\/egassbarcelona.com\/ca\/wp-json\/wp\/v2\/comments?post=19829"}],"wp:featuredmedia":[{"embeddable":true,"href":"https:\/\/egassbarcelona.com\/ca\/wp-json\/wp\/v2\/media\/24559"}],"wp:attachment":[{"href":"https:\/\/egassbarcelona.com\/ca\/wp-json\/wp\/v2\/media?parent=19829"}],"wp:term":[{"taxonomy":"product_brand","embeddable":true,"href":"https:\/\/egassbarcelona.com\/ca\/wp-json\/wp\/v2\/product_brand?post=19829"},{"taxonomy":"product_cat","embeddable":true,"href":"https:\/\/egassbarcelona.com\/ca\/wp-json\/wp\/v2\/product_cat?post=19829"},{"taxonomy":"product_tag","embeddable":true,"href":"https:\/\/egassbarcelona.com\/ca\/wp-json\/wp\/v2\/product_tag?post=19829"}],"curies":[{"name":"wp","href":"https:\/\/api.w.org\/{rel}","templated":true}]}}